{"id":9207,"date":"2019-01-08T05:36:43","date_gmt":"2019-01-08T05:36:43","guid":{"rendered":"http:\/\/preview.themesion.com\/dentiq-site1\/?page_id=9207"},"modified":"2022-06-17T19:00:23","modified_gmt":"2022-06-17T15:00:23","slug":"our-history","status":"publish","type":"page","link":"https:\/\/aynagoz.az\/?page_id=9207","title":{"rendered":"H\u0259d\u0259fimiz v\u0259 m\u0259qs\u0259dimiz"},"content":{"rendered":"<p>[vc_row thsn-bg-color=&#8221;white&#8221; thsn-extended-column=&#8221;first&#8221; thsn-extended-bg-image-position=&#8221;right-top&#8221; thsn-extended-bg-image-repeat=&#8221;y&#8221; full_width=&#8221;stretch_row&#8221; content_placement=&#8221;middle&#8221; disable_element=&#8221;yes&#8221; css=&#8221;.vc_custom_1652705129550{padding-top: 90px !important;padding-bottom: 40px !important;}&#8221; thsn-first-col-bg-image=&#8221;9037&#8243; thsn-responsive-css=&#8221;61836986|colbreak_no|||||||||colbreak_yes|||||||||colbreak_no||||||||||colbreak_no|||||||||&#8221;][vc_column thsn-responsive-css=&#8221;83513971|colbreak_no|||||||||colbreak_no||0|||||||colbreak_no||||||||||colbreak_no|||||||||&#8221;][vc_row_inner content_placement=&#8221;middle&#8221;][vc_column_inner width=&#8221;5\/12&#8243;][\/vc_column_inner][vc_column_inner width=&#8221;7\/12&#8243;][vc_column_text]Lorem ipsum dolor sit amet, consectetur adipisicing elit, sed do eiusmod tempor incididunt ut labore t dolore magna aliqua. Ut enim ad minim veniam quis.Building a healthy environment that supports development for the community. Trusted advice at the doctors at Medical Cure.[\/vc_column_text][\/vc_column_inner][\/vc_row_inner][vc_row_inner][vc_column_inner width=&#8221;1\/3&#8243;][\/vc_column_inner][vc_column_inner width=&#8221;1\/3&#8243;][\/vc_column_inner][vc_column_inner width=&#8221;1\/3&#8243;][\/vc_column_inner][\/vc_row_inner][\/vc_column][\/vc_row][vc_row thsn-bg-color=&#8221;light&#8221; full_width=&#8221;stretch_row&#8221;][vc_column]<div  class=\"thsn-timeline\"><div class=\"thsn-timeline-inner\">\r\n\t\t\t\t\t\t<div class=\" col-sm-12 thsn-ourhistory thsn-ourhistory-type2 \">\r\n\t\t\t\t\t\t\t<div class=\"row thsn-ourhistory-row\">\r\n\t\t\t\t\t\t\t\t<div class=\"col-md-3  col-sm-3 col-xs-3\">\r\n\t\t\t\t\t\t\t\t\t\r\n\t\t\t\t\t\t\t\t<\/div>\r\n\t\t\t\t\t\t\t\t<div class=\"col-md-1 thsn-ourhistory-left\">\r\n\t\t\t\t\t\t\t\t\t<span class=\"label\"><\/span>\r\n\t\t\t\t\t\t\t\t<\/div>\r\n\t\t\t\t\t\t\t\t<div class=\"col-md-8 col-sm-8 col-xs-8 thsn-ourhistory-right\">\r\n\t\t\t\t\t\t\t\t\t<span class=\"thsn-timeline-image\"><\/span>\r\n\t\t\t\t\t\t\t\t\t<span class=\"label\"><\/span>\r\n\t\t\t\t\t\t\t\t\t<div class=\"content\">\r\n\t\t\t\t\t\t\t\t\t\t<h4>M\u0259qs\u0259dimiz :<\/h4>\r\n\t\t\t\t\t\t\t\t\t\t<div class=\"simple-text\">\r\n\t\t\t\t\t\t\t\t\t\t\t<p>Xalq\u0131m\u0131za keyfiyy\u0259tli ,effektiv, y\u00fcks\u0259k d\u0259qiqliqli v\u0259 \u0259l\u00e7atan oftalmoloji xidm\u0259ti g\u00f6st\u0259rm\u0259kdir.<\/p>\r\n\t\t\t\t\t\t\t\t\t\t<\/div>\r\n\t\t\t\t\t\t\t\t\t<\/div>\r\n\t\t\t\t\t\t\t\t<\/div>\r\n\t\t\t\t\t\t\t<\/div> \r\n\t\t\t\t\t\t<\/div>\r\n\t\t\t\t\t\r\n\t\t\t\t\t\t<div class=\" col-sm-12 thsn-ourhistory thsn-ourhistory-type2 \">\r\n\t\t\t\t\t\t\t<div class=\"row thsn-ourhistory-row\">\r\n\t\t\t\t\t\t\t\t<div class=\"col-md-3  col-sm-3 col-xs-3\">\r\n\t\t\t\t\t\t\t\t\t\r\n\t\t\t\t\t\t\t\t<\/div>\r\n\t\t\t\t\t\t\t\t<div class=\"col-md-1 thsn-ourhistory-left\">\r\n\t\t\t\t\t\t\t\t\t<span class=\"label\"><\/span>\r\n\t\t\t\t\t\t\t\t<\/div>\r\n\t\t\t\t\t\t\t\t<div class=\"col-md-8 col-sm-8 col-xs-8 thsn-ourhistory-right\">\r\n\t\t\t\t\t\t\t\t\t<span class=\"thsn-timeline-image\"><\/span>\r\n\t\t\t\t\t\t\t\t\t<span class=\"label\"><\/span>\r\n\t\t\t\t\t\t\t\t\t<div class=\"content\">\r\n\t\t\t\t\t\t\t\t\t\t<h4>H\u0259d\u0259fimiz :<\/h4>\r\n\t\t\t\t\t\t\t\t\t\t<div class=\"simple-text\">\r\n\t\t\t\t\t\t\t\t\t\t\t<p>Tibbin \u0259n son nailiyy\u0259tl\u0259rinin \u00f6lk\u0259mizd\u0259 t\u0259tbiq ed\u0259r\u0259k , daha \u00e7ox insana xidm\u0259tl\u0259rimizi \u00e7atd\u0131rmaqd\u0131r.<\/p>\r\n\t\t\t\t\t\t\t\t\t\t<\/div>\r\n\t\t\t\t\t\t\t\t\t<\/div>\r\n\t\t\t\t\t\t\t\t<\/div>\r\n\t\t\t\t\t\t\t<\/div> \r\n\t\t\t\t\t\t<\/div>\r\n\t\t\t\t\t\r\n\t\t\t\t\t\t<div class=\" col-sm-12 thsn-ourhistory thsn-ourhistory-type2 \">\r\n\t\t\t\t\t\t\t<div class=\"row thsn-ourhistory-row\">\r\n\t\t\t\t\t\t\t\t<div class=\"col-md-3  col-sm-3 col-xs-3\">\r\n\t\t\t\t\t\t\t\t\t\r\n\t\t\t\t\t\t\t\t<\/div>\r\n\t\t\t\t\t\t\t\t<div class=\"col-md-1 thsn-ourhistory-left\">\r\n\t\t\t\t\t\t\t\t\t<span class=\"label\"><\/span>\r\n\t\t\t\t\t\t\t\t<\/div>\r\n\t\t\t\t\t\t\t\t<div class=\"col-md-8 col-sm-8 col-xs-8 thsn-ourhistory-right\">\r\n\t\t\t\t\t\t\t\t\t<span class=\"thsn-timeline-image\"><\/span>\r\n\t\t\t\t\t\t\t\t\t<span class=\"label\"><\/span>\r\n\t\t\t\t\t\t\t\t\t<div class=\"content\">\r\n\t\t\t\t\t\t\t\t\t\t<h4>M\u0130SS\u0130YAMIZ<\/h4>\r\n\t\t\t\t\t\t\t\t\t\t<div class=\"simple-text\">\r\n\t\t\t\t\t\t\t\t\t\t\t<p>G\u00fcl\u0259r\u00fcz, s\u0259mimi, pe\u015f\u0259kar komanda il\u0259 m\u0259rk\u0259zimiz insanlar\u0131n sa\u011flaml\u0131\u011f\u0131n qay\u011f\u0131s\u0131na qal\u0131r!\nG\u00f6zl\u0259riniz\u0259 qay\u011f\u0131 il\u0259 yana\u015faraq , d\u0259y\u0259rli pasientl\u0259rimizin probleml\u0259rin\u0259 \u0259n smart h\u0259ll yollar\u0131 tap\u0131b t\u0259tbiq edirik<\/p>\r\n\t\t\t\t\t\t\t\t\t\t<\/div>\r\n\t\t\t\t\t\t\t\t\t<\/div>\r\n\t\t\t\t\t\t\t\t<\/div>\r\n\t\t\t\t\t\t\t<\/div> \r\n\t\t\t\t\t\t<\/div>\r\n\t\t\t\t\t<\/div><\/div>[\/vc_column][\/vc_row]<\/p>\n","protected":false},"excerpt":{"rendered":"<p>[vc_row thsn-bg-color=&#8221;white&#8221; thsn-extended-column=&#8221;first&#8221; thsn-extended-bg-image-position=&#8221;right-top&#8221; thsn-extended-bg-image-repeat=&#8221;y&#8221; full_width=&#8221;stretch_row&#8221; content_placement=&#8221;middle&#8221; disable_element=&#8221;yes&#8221; css=&#8221;.vc_custom_1652705129550{padding-top: 90px !important;padding-bottom: 40px !important;}&#8221; thsn-first-col-bg-image=&#8221;9037&#8243; thsn-responsive-css=&#8221;61836986|colbreak_no|||||||||colbreak_yes|||||||||colbreak_no||||||||||colbreak_no|||||||||&#8221;][vc_column thsn-responsive-css=&#8221;83513971|colbreak_no|||||||||colbreak_no||0|||||||colbreak_no||||||||||colbreak_no|||||||||&#8221;][vc_row_inner content_placement=&#8221;middle&#8221;][vc_column_inner width=&#8221;5\/12&#8243;][\/vc_column_inner][vc_column_inner width=&#8221;7\/12&#8243;][vc_column_text]Lorem ipsum dolor sit amet, consectetur adipisicing elit, sed do eiusmod tempor incididunt ut labore t dolore magna aliqua. Ut enim ad minim veniam quis.Building a healthy environment that supports development for the community. Trusted advice at [&hellip;]<\/p>\n","protected":false},"author":1,"featured_media":0,"parent":0,"menu_order":7,"comment_status":"closed","ping_status":"closed","template":"","meta":{"_acf_changed":false,"footnotes":""},"class_list":["post-9207","page","type-page","status-publish","hentry"],"acf":[],"_links":{"self":[{"href":"https:\/\/aynagoz.az\/index.php?rest_route=\/wp\/v2\/pages\/9207","targetHints":{"allow":["GET"]}}],"collection":[{"href":"https:\/\/aynagoz.az\/index.php?rest_route=\/wp\/v2\/pages"}],"about":[{"href":"https:\/\/aynagoz.az\/index.php?rest_route=\/wp\/v2\/types\/page"}],"author":[{"embeddable":true,"href":"https:\/\/aynagoz.az\/index.php?rest_route=\/wp\/v2\/users\/1"}],"replies":[{"embeddable":true,"href":"https:\/\/aynagoz.az\/index.php?rest_route=%2Fwp%2Fv2%2Fcomments&post=9207"}],"version-history":[{"count":8,"href":"https:\/\/aynagoz.az\/index.php?rest_route=\/wp\/v2\/pages\/9207\/revisions"}],"predecessor-version":[{"id":12887,"href":"https:\/\/aynagoz.az\/index.php?rest_route=\/wp\/v2\/pages\/9207\/revisions\/12887"}],"wp:attachment":[{"href":"https:\/\/aynagoz.az\/index.php?rest_route=%2Fwp%2Fv2%2Fmedia&parent=9207"}],"curies":[{"name":"wp","href":"https:\/\/api.w.org\/{rel}","templated":true}]}}