{"id":8585,"date":"2018-11-30T10:41:35","date_gmt":"2018-11-30T10:41:35","guid":{"rendered":"http:\/\/localhost\/projects\/solar\/?page_id=8585"},"modified":"2022-05-16T15:13:56","modified_gmt":"2022-05-16T11:13:56","slug":"bloq","status":"publish","type":"page","link":"https:\/\/aynagoz.az\/?page_id=8585","title":{"rendered":"Bloq"},"content":{"rendered":"<p>[vc_row thsn-bg-color=&#8221;white&#8221;][vc_column]<div  class=\"themesion-element themesion-element-blog thsn-element-blog-style-1 themesion-element-viewtype-row-column thsn-sortable-no\" data-show=\"12\" data-columns=\"3\" data-loop=\"false\" data-autoplay=\"false\" data-center=\"false\" data-nav=\"false\" data-dots=\"false\" data-autoplayspeed=\"1000\" data-margin=\"\"><div class=\"themesion-element-inner\"><div class=\"thsn-ele-header-area\"><\/div><div class=\"thsn-element-posts-wrapper row multi-columns-row\"><div class=\"thsn-ele thsn-blog-ele col-md-4 m%c9%99lumatlar\"><article class=\"themesion-ele themesion-ele-blog thsn-blogbox-style-1 post-12544 post type-post status-publish format-video hentry category-mlumatlar post_format-post-format-video\">\r\n\t<div class=\"post-item\">\r\n\t\t<div class=\"thsn-featured-container\">\r\n\t\t\t<div class=\"thsn-featured-wrapper\"><iframe loading=\"lazy\" width=\"711\" height=\"400\" src=\"https:\/\/www.youtube.com\/embed\/BP77LumrUpU?feature=oembed\" frameborder=\"0\" allow=\"accelerometer; autoplay; clipboard-write; encrypted-media; gyroscope; picture-in-picture; web-share\" allowfullscreen><\/iframe><\/div>\t\t\t<div class=\"thsn-meta-category\"><a href=\"https:\/\/aynagoz.az\/?cat=1\" rel=\"category\">M\u0259lumatlar<\/a><\/div>\r\n\t\t<\/div>\r\n\t\t<div class=\"themesion-box-content\">\r\n\t\t\t<div class=\"thsn-meta-container\">\r\n\t\t\t\t<div class=\"thsn-meta-date-wrapper thsn-meta-line\">\r\n\t\t\t\t\t<div class=\"thsn-meta-date\"><i class=\"thsn-base-icon-calendar-1\"><\/i> 19 May, 2022<\/div>\r\n\t\t\t\t<\/div>\r\n\t\t\t\t\t\t\t\t\t\t\t<\/div>\r\n\t\t\t<h3 class=\"thsn-post-title\"><a href=\"https:\/\/aynagoz.az\/?p=12544\">Go\u0308zd\u0259 yorg\u0306unluq<\/a><\/h3>\r\n\t\t\t\t<div class=\"themesion-box-desc\">\r\n\t\t\t\t<div class=\"themesion-box-desc-text\">\r\n\t\t\t\t\t\t\t\t\t\t<a class=\"vc_general vc_btn3 vc_btn3-size-md vc_btn3-shape-round vc_btn3-style-flat vc_btn3-color-secondarycolor\" href=\"https:\/\/aynagoz.az\/?p=12544\">\u018fTRAFLI<\/a> \r\n\t\t\t\t<\/div>\r\n\t\t\t<\/div>\r\n\t\t<\/div>\r\n\t<\/div>\r\n<\/article>\r\n<\/div><div class=\"thsn-ele thsn-blog-ele col-md-4 m%c9%99lumatlar\"><article class=\"themesion-ele themesion-ele-blog thsn-blogbox-style-1 post-12542 post type-post status-publish format-video hentry category-mlumatlar post_format-post-format-video\">\r\n\t<div class=\"post-item\">\r\n\t\t<div class=\"thsn-featured-container\">\r\n\t\t\t<div class=\"thsn-featured-wrapper\"><iframe loading=\"lazy\" width=\"711\" height=\"400\" src=\"https:\/\/www.youtube.com\/embed\/29IR7BITkjI?feature=oembed\" frameborder=\"0\" allow=\"accelerometer; autoplay; clipboard-write; encrypted-media; gyroscope; picture-in-picture; web-share\" allowfullscreen><\/iframe><\/div>\t\t\t<div class=\"thsn-meta-category\"><a href=\"https:\/\/aynagoz.az\/?cat=1\" rel=\"category\">M\u0259lumatlar<\/a><\/div>\r\n\t\t<\/div>\r\n\t\t<div class=\"themesion-box-content\">\r\n\t\t\t<div class=\"thsn-meta-container\">\r\n\t\t\t\t<div class=\"thsn-meta-date-wrapper thsn-meta-line\">\r\n\t\t\t\t\t<div class=\"thsn-meta-date\"><i class=\"thsn-base-icon-calendar-1\"><\/i> 19 May, 2022<\/div>\r\n\t\t\t\t<\/div>\r\n\t\t\t\t\t\t\t\t\t\t\t<\/div>\r\n\t\t\t<h3 class=\"thsn-post-title\"><a href=\"https:\/\/aynagoz.az\/?p=12542\">\u201cSa\u011f g\u00f6z\u00fcm sol g\u00f6z\u00fcmd\u0259n daha yax\u015f\u0131 g\u00f6r\u00fcr. Niy\u0259?<\/a><\/h3>\r\n\t\t\t\t<div class=\"themesion-box-desc\">\r\n\t\t\t\t<div class=\"themesion-box-desc-text\">\r\n\t\t\t\t\t\t\t\t\t\t<a class=\"vc_general vc_btn3 vc_btn3-size-md vc_btn3-shape-round vc_btn3-style-flat vc_btn3-color-secondarycolor\" href=\"https:\/\/aynagoz.az\/?p=12542\">\u018fTRAFLI<\/a> \r\n\t\t\t\t<\/div>\r\n\t\t\t<\/div>\r\n\t\t<\/div>\r\n\t<\/div>\r\n<\/article>\r\n<\/div><div class=\"thsn-ele thsn-blog-ele col-md-4 m%c9%99lumatlar\"><article class=\"themesion-ele themesion-ele-blog thsn-blogbox-style-1 post-12540 post type-post status-publish format-video hentry category-mlumatlar post_format-post-format-video\">\r\n\t<div class=\"post-item\">\r\n\t\t<div class=\"thsn-featured-container\">\r\n\t\t\t<div class=\"thsn-featured-wrapper\"><iframe loading=\"lazy\" width=\"711\" height=\"400\" src=\"https:\/\/www.youtube.com\/embed\/pueVwvbDrR8?feature=oembed\" frameborder=\"0\" allow=\"accelerometer; autoplay; clipboard-write; encrypted-media; gyroscope; picture-in-picture; web-share\" allowfullscreen><\/iframe><\/div>\t\t\t<div class=\"thsn-meta-category\"><a href=\"https:\/\/aynagoz.az\/?cat=1\" rel=\"category\">M\u0259lumatlar<\/a><\/div>\r\n\t\t<\/div>\r\n\t\t<div class=\"themesion-box-content\">\r\n\t\t\t<div class=\"thsn-meta-container\">\r\n\t\t\t\t<div class=\"thsn-meta-date-wrapper thsn-meta-line\">\r\n\t\t\t\t\t<div class=\"thsn-meta-date\"><i class=\"thsn-base-icon-calendar-1\"><\/i> 19 May, 2022<\/div>\r\n\t\t\t\t<\/div>\r\n\t\t\t\t\t\t\t\t\t\t\t<\/div>\r\n\t\t\t<h3 class=\"thsn-post-title\"><a href=\"https:\/\/aynagoz.az\/?p=12540\">T\u0259hl\u00fck\u0259li g\u00f6z x\u0259st\u0259likl\u0259ri<\/a><\/h3>\r\n\t\t\t\t<div class=\"themesion-box-desc\">\r\n\t\t\t\t<div class=\"themesion-box-desc-text\">\r\n\t\t\t\t\t\t\t\t\t\t<a class=\"vc_general vc_btn3 vc_btn3-size-md vc_btn3-shape-round vc_btn3-style-flat vc_btn3-color-secondarycolor\" href=\"https:\/\/aynagoz.az\/?p=12540\">\u018fTRAFLI<\/a> \r\n\t\t\t\t<\/div>\r\n\t\t\t<\/div>\r\n\t\t<\/div>\r\n\t<\/div>\r\n<\/article>\r\n<\/div><div class=\"thsn-ele thsn-blog-ele col-md-4 m%c9%99lumatlar\"><article class=\"themesion-ele themesion-ele-blog thsn-blogbox-style-1 post-12537 post type-post status-publish format-video has-post-thumbnail hentry category-mlumatlar post_format-post-format-video\">\r\n\t<div class=\"post-item\">\r\n\t\t<div class=\"thsn-featured-container\">\r\n\t\t\t<div class=\"thsn-featured-wrapper\"><iframe loading=\"lazy\" width=\"711\" height=\"400\" src=\"https:\/\/www.youtube.com\/embed\/z-uQXBfR3aU?feature=oembed\" frameborder=\"0\" allow=\"accelerometer; autoplay; clipboard-write; encrypted-media; gyroscope; picture-in-picture; web-share\" allowfullscreen><\/iframe><\/div>\t\t\t<div class=\"thsn-meta-category\"><a href=\"https:\/\/aynagoz.az\/?cat=1\" rel=\"category\">M\u0259lumatlar<\/a><\/div>\r\n\t\t<\/div>\r\n\t\t<div class=\"themesion-box-content\">\r\n\t\t\t<div class=\"thsn-meta-container\">\r\n\t\t\t\t<div class=\"thsn-meta-date-wrapper thsn-meta-line\">\r\n\t\t\t\t\t<div class=\"thsn-meta-date\"><i class=\"thsn-base-icon-calendar-1\"><\/i> 19 May, 2022<\/div>\r\n\t\t\t\t<\/div>\r\n\t\t\t\t\t\t\t\t\t\t\t<\/div>\r\n\t\t\t<h3 class=\"thsn-post-title\"><a href=\"https:\/\/aynagoz.az\/?p=12537\">T\u0259nb\u0259l g\u00f6z\u00fcn m\u00fcalic\u0259 \u00fcsullar\u0131<\/a><\/h3>\r\n\t\t\t\t<div class=\"themesion-box-desc\">\r\n\t\t\t\t<div class=\"themesion-box-desc-text\">\r\n\t\t\t\t\t\t\t\t\t\t<a class=\"vc_general vc_btn3 vc_btn3-size-md vc_btn3-shape-round vc_btn3-style-flat vc_btn3-color-secondarycolor\" href=\"https:\/\/aynagoz.az\/?p=12537\">\u018fTRAFLI<\/a> \r\n\t\t\t\t<\/div>\r\n\t\t\t<\/div>\r\n\t\t<\/div>\r\n\t<\/div>\r\n<\/article>\r\n<\/div><div class=\"thsn-ele thsn-blog-ele col-md-4 m%c9%99lumatlar\"><article class=\"themesion-ele themesion-ele-blog thsn-blogbox-style-1 post-12533 post type-post status-publish format-video has-post-thumbnail hentry category-mlumatlar post_format-post-format-video\">\r\n\t<div class=\"post-item\">\r\n\t\t<div class=\"thsn-featured-container\">\r\n\t\t\t<div class=\"thsn-featured-wrapper\"><iframe loading=\"lazy\" width=\"711\" height=\"400\" src=\"https:\/\/www.youtube.com\/embed\/2K8NW7YG7zk?feature=oembed\" frameborder=\"0\" allow=\"accelerometer; autoplay; clipboard-write; encrypted-media; gyroscope; picture-in-picture; web-share\" allowfullscreen><\/iframe><\/div>\t\t\t<div class=\"thsn-meta-category\"><a href=\"https:\/\/aynagoz.az\/?cat=1\" rel=\"category\">M\u0259lumatlar<\/a><\/div>\r\n\t\t<\/div>\r\n\t\t<div class=\"themesion-box-content\">\r\n\t\t\t<div class=\"thsn-meta-container\">\r\n\t\t\t\t<div class=\"thsn-meta-date-wrapper thsn-meta-line\">\r\n\t\t\t\t\t<div class=\"thsn-meta-date\"><i class=\"thsn-base-icon-calendar-1\"><\/i> 19 May, 2022<\/div>\r\n\t\t\t\t<\/div>\r\n\t\t\t\t\t\t\t\t\t\t\t<\/div>\r\n\t\t\t<h3 class=\"thsn-post-title\"><a href=\"https:\/\/aynagoz.az\/?p=12533\">Eksimer lazerin n\u0259tic\u0259si qal\u0131c\u0131d\u0131rm\u0131?<\/a><\/h3>\r\n\t\t\t\t<div class=\"themesion-box-desc\">\r\n\t\t\t\t<div class=\"themesion-box-desc-text\">\r\n\t\t\t\t\t\t\t\t\t\t<a class=\"vc_general vc_btn3 vc_btn3-size-md vc_btn3-shape-round vc_btn3-style-flat vc_btn3-color-secondarycolor\" href=\"https:\/\/aynagoz.az\/?p=12533\">\u018fTRAFLI<\/a> \r\n\t\t\t\t<\/div>\r\n\t\t\t<\/div>\r\n\t\t<\/div>\r\n\t<\/div>\r\n<\/article>\r\n<\/div><div class=\"thsn-ele thsn-blog-ele col-md-4 m%c9%99lumatlar\"><article class=\"themesion-ele themesion-ele-blog thsn-blogbox-style-1 post-12530 post type-post status-publish format-video has-post-thumbnail hentry category-mlumatlar post_format-post-format-video\">\r\n\t<div class=\"post-item\">\r\n\t\t<div class=\"thsn-featured-container\">\r\n\t\t\t<div class=\"thsn-featured-wrapper\"><iframe loading=\"lazy\" width=\"711\" height=\"400\" src=\"https:\/\/www.youtube.com\/embed\/9O14hyRQ12E?feature=oembed\" frameborder=\"0\" allow=\"accelerometer; autoplay; clipboard-write; encrypted-media; gyroscope; picture-in-picture; web-share\" allowfullscreen><\/iframe><\/div>\t\t\t<div class=\"thsn-meta-category\"><a href=\"https:\/\/aynagoz.az\/?cat=1\" rel=\"category\">M\u0259lumatlar<\/a><\/div>\r\n\t\t<\/div>\r\n\t\t<div class=\"themesion-box-content\">\r\n\t\t\t<div class=\"thsn-meta-container\">\r\n\t\t\t\t<div class=\"thsn-meta-date-wrapper thsn-meta-line\">\r\n\t\t\t\t\t<div class=\"thsn-meta-date\"><i class=\"thsn-base-icon-calendar-1\"><\/i> 19 May, 2022<\/div>\r\n\t\t\t\t<\/div>\r\n\t\t\t\t\t\t\t\t\t\t\t<\/div>\r\n\t\t\t<h3 class=\"thsn-post-title\"><a href=\"https:\/\/aynagoz.az\/?p=12530\">Eyn\u0259k se\u00e7\u0259rk\u0259n n\u0259l\u0259r\u0259 diqq\u0259t etm\u0259k laz\u0131md\u0131r<\/a><\/h3>\r\n\t\t\t\t<div class=\"themesion-box-desc\">\r\n\t\t\t\t<div class=\"themesion-box-desc-text\">\r\n\t\t\t\t\t\t\t\t\t\t<a class=\"vc_general vc_btn3 vc_btn3-size-md vc_btn3-shape-round vc_btn3-style-flat vc_btn3-color-secondarycolor\" href=\"https:\/\/aynagoz.az\/?p=12530\">\u018fTRAFLI<\/a> \r\n\t\t\t\t<\/div>\r\n\t\t\t<\/div>\r\n\t\t<\/div>\r\n\t<\/div>\r\n<\/article>\r\n<\/div><\/div><\/div><!-- .themesion-element-inner -->   <\/div><!-- .themesion-element -->  [\/vc_column][\/vc_row]<\/p>\n","protected":false},"excerpt":{"rendered":"<p>[vc_row thsn-bg-color=&#8221;white&#8221;][vc_column][\/vc_column][\/vc_row]<\/p>\n","protected":false},"author":1,"featured_media":0,"parent":0,"menu_order":17,"comment_status":"closed","ping_status":"closed","template":"","meta":{"_acf_changed":false,"footnotes":""},"class_list":["post-8585","page","type-page","status-publish","hentry"],"acf":[],"_links":{"self":[{"href":"https:\/\/aynagoz.az\/index.php?rest_route=\/wp\/v2\/pages\/8585","targetHints":{"allow":["GET"]}}],"collection":[{"href":"https:\/\/aynagoz.az\/index.php?rest_route=\/wp\/v2\/pages"}],"about":[{"href":"https:\/\/aynagoz.az\/index.php?rest_route=\/wp\/v2\/types\/page"}],"author":[{"embeddable":true,"href":"https:\/\/aynagoz.az\/index.php?rest_route=\/wp\/v2\/users\/1"}],"replies":[{"embeddable":true,"href":"https:\/\/aynagoz.az\/index.php?rest_route=%2Fwp%2Fv2%2Fcomments&post=8585"}],"version-history":[{"count":2,"href":"https:\/\/aynagoz.az\/index.php?rest_route=\/wp\/v2\/pages\/8585\/revisions"}],"predecessor-version":[{"id":12478,"href":"https:\/\/aynagoz.az\/index.php?rest_route=\/wp\/v2\/pages\/8585\/revisions\/12478"}],"wp:attachment":[{"href":"https:\/\/aynagoz.az\/index.php?rest_route=%2Fwp%2Fv2%2Fmedia&parent=8585"}],"curies":[{"name":"wp","href":"https:\/\/api.w.org\/{rel}","templated":true}]}}