{"id":8564,"date":"2018-11-30T09:57:43","date_gmt":"2018-11-30T09:57:43","guid":{"rendered":"http:\/\/localhost\/projects\/solar\/?page_id=8564"},"modified":"2022-06-13T16:09:04","modified_gmt":"2022-06-13T12:09:04","slug":"research-style-2","status":"publish","type":"page","link":"https:\/\/aynagoz.az\/?page_id=8564","title":{"rendered":"CHECK UP"},"content":{"rendered":"<p>[vc_row thsn-bg-color=&#8221;white&#8221; full_width=&#8221;stretch_row&#8221;][vc_column]<div  class=\"themesion-element themesion-element-portfolio thsn-element-portfolio-style-2 themesion-element-viewtype-row-column thsn-sortable-no\" data-show=\"12\" data-columns=\"3\" data-loop=\"false\" data-autoplay=\"false\" data-center=\"false\" data-nav=\"false\" data-dots=\"false\" data-autoplayspeed=\"1000\" data-margin=\"\"><div class=\"themesion-element-inner\"><div class=\"thsn-ele-header-area\"><\/div><div class=\"thsn-element-posts-wrapper row multi-columns-row\"><div class=\"thsn-ele thsn-portfolio-ele col-md-4 \"><article class=\"themesion-ele themesion-ele-portfolio thsn-portfolio-style-2 thsn-odd\">\r\n\t<div class=\"themesion-post-item\">\t\r\n\t\t<div class=\"thsn-portfolio-icon-wrapper\">\t\t\t\t\t\r\n\t\t\t<a class=\"thsn-lightbox\" title=\"Qlaukoma CheckUp Paketi\" href=\"https:\/\/aynagoz.az\/wp-content\/uploads\/2018\/12\/2E7A9452-scaled.jpg\"><i class=\"thsn-base-icon-search\"><\/i><\/a>\r\n\t\t<\/div>\r\n\t\t<div class=\"thsn-image-wrapper\">\r\n\t\t\t<div class=\"thsn-featured-wrapper\"><a href=\"https:\/\/aynagoz.az\/?thsn-portfolio=teeth-whitening\"><img loading=\"lazy\" decoding=\"async\" width=\"770\" height=\"635\" src=\"https:\/\/aynagoz.az\/wp-content\/uploads\/2018\/12\/2E7A9452-770x635.jpg\" class=\"attachment-thsn-img-770x635 size-thsn-img-770x635 wp-post-image\" alt=\"\" data-id=\"12902\" \/><\/a><\/div>\t\t<\/div>\t\t\t\r\n\t\t<div class=\"thsn-content-wrapper\">\r\n\t\t\t<div class=\"thsn-port-cat\"><\/div>\r\n\t\t\t<h3 class=\"thsn-portfolio-title\"><a href=\"https:\/\/aynagoz.az\/?thsn-portfolio=teeth-whitening\">Qlaukoma CheckUp Paketi<\/a><\/h3>\t\r\n\t\t<\/div>\r\n\t<\/div>\r\n<\/article><\/div><div class=\"thsn-ele thsn-portfolio-ele col-md-4 \"><article class=\"themesion-ele themesion-ele-portfolio thsn-portfolio-style-2 thsn-even\">\r\n\t<div class=\"themesion-post-item\">\t\r\n\t\t<div class=\"thsn-portfolio-icon-wrapper\">\t\t\t\t\t\r\n\t\t\t<a class=\"thsn-lightbox\" title=\"\u015e\u0259k\u0259rli Diabetlil\u0259rin G\u00f6z CheckUp Paketi\" href=\"https:\/\/aynagoz.az\/wp-content\/uploads\/2018\/12\/2E7A9496-scaled.jpg\"><i class=\"thsn-base-icon-search\"><\/i><\/a>\r\n\t\t<\/div>\r\n\t\t<div class=\"thsn-image-wrapper\">\r\n\t\t\t<div class=\"thsn-featured-wrapper\"><a href=\"https:\/\/aynagoz.az\/?thsn-portfolio=root-canal\"><img loading=\"lazy\" decoding=\"async\" width=\"770\" height=\"635\" src=\"https:\/\/aynagoz.az\/wp-content\/uploads\/2018\/12\/2E7A9496-770x635.jpg\" class=\"attachment-thsn-img-770x635 size-thsn-img-770x635 wp-post-image\" alt=\"\" data-id=\"12903\" \/><\/a><\/div>\t\t<\/div>\t\t\t\r\n\t\t<div class=\"thsn-content-wrapper\">\r\n\t\t\t<div class=\"thsn-port-cat\"><\/div>\r\n\t\t\t<h3 class=\"thsn-portfolio-title\"><a href=\"https:\/\/aynagoz.az\/?thsn-portfolio=root-canal\">\u015e\u0259k\u0259rli Diabetlil\u0259rin G\u00f6z CheckUp Paketi<\/a><\/h3>\t\r\n\t\t<\/div>\r\n\t<\/div>\r\n<\/article><\/div><div class=\"thsn-ele thsn-portfolio-ele col-md-4 \"><article class=\"themesion-ele themesion-ele-portfolio thsn-portfolio-style-2 thsn-odd\">\r\n\t<div class=\"themesion-post-item\">\t\r\n\t\t<div class=\"thsn-portfolio-icon-wrapper\">\t\t\t\t\t\r\n\t\t\t<a class=\"thsn-lightbox\" title=\"Keratokonus CheckUp Paketi\" href=\"https:\/\/aynagoz.az\/wp-content\/uploads\/2018\/12\/2E7A9513-scaled.jpg\"><i class=\"thsn-base-icon-search\"><\/i><\/a>\r\n\t\t<\/div>\r\n\t\t<div class=\"thsn-image-wrapper\">\r\n\t\t\t<div class=\"thsn-featured-wrapper\"><a href=\"https:\/\/aynagoz.az\/?thsn-portfolio=girl-smiling\"><img loading=\"lazy\" decoding=\"async\" width=\"770\" height=\"635\" src=\"https:\/\/aynagoz.az\/wp-content\/uploads\/2018\/12\/2E7A9513-770x635.jpg\" class=\"attachment-thsn-img-770x635 size-thsn-img-770x635 wp-post-image\" alt=\"\" data-id=\"12904\" \/><\/a><\/div>\t\t<\/div>\t\t\t\r\n\t\t<div class=\"thsn-content-wrapper\">\r\n\t\t\t<div class=\"thsn-port-cat\"><\/div>\r\n\t\t\t<h3 class=\"thsn-portfolio-title\"><a href=\"https:\/\/aynagoz.az\/?thsn-portfolio=girl-smiling\">Keratokonus CheckUp Paketi<\/a><\/h3>\t\r\n\t\t<\/div>\r\n\t<\/div>\r\n<\/article><\/div><div class=\"thsn-ele thsn-portfolio-ele col-md-4 \"><article class=\"themesion-ele themesion-ele-portfolio thsn-portfolio-style-2 thsn-even\">\r\n\t<div class=\"themesion-post-item\">\t\r\n\t\t<div class=\"thsn-portfolio-icon-wrapper\">\t\t\t\t\t\r\n\t\t\t<a class=\"thsn-lightbox\" title=\"M\u0259kt\u0259b\u0259q\u0259d\u0259r u\u015faqlar\u0131n G\u00f6z CheckUp Paketi\" href=\"https:\/\/aynagoz.az\/wp-content\/uploads\/2018\/12\/2E7A9543-scaled.jpg\"><i class=\"thsn-base-icon-search\"><\/i><\/a>\r\n\t\t<\/div>\r\n\t\t<div class=\"thsn-image-wrapper\">\r\n\t\t\t<div class=\"thsn-featured-wrapper\"><a href=\"https:\/\/aynagoz.az\/?thsn-portfolio=dental-exam\"><img loading=\"lazy\" decoding=\"async\" width=\"770\" height=\"635\" src=\"https:\/\/aynagoz.az\/wp-content\/uploads\/2018\/12\/2E7A9543-770x635.jpg\" class=\"attachment-thsn-img-770x635 size-thsn-img-770x635 wp-post-image\" alt=\"\" data-id=\"12906\" \/><\/a><\/div>\t\t<\/div>\t\t\t\r\n\t\t<div class=\"thsn-content-wrapper\">\r\n\t\t\t<div class=\"thsn-port-cat\"><\/div>\r\n\t\t\t<h3 class=\"thsn-portfolio-title\"><a href=\"https:\/\/aynagoz.az\/?thsn-portfolio=dental-exam\">M\u0259kt\u0259b\u0259q\u0259d\u0259r u\u015faqlar\u0131n G\u00f6z CheckUp Paketi<\/a><\/h3>\t\r\n\t\t<\/div>\r\n\t<\/div>\r\n<\/article><\/div><div class=\"thsn-ele thsn-portfolio-ele col-md-4 \"><article class=\"themesion-ele themesion-ele-portfolio thsn-portfolio-style-2 thsn-odd\">\r\n\t<div class=\"themesion-post-item\">\t\r\n\t\t<div class=\"thsn-portfolio-icon-wrapper\">\t\t\t\t\t\r\n\t\t\t<a class=\"thsn-lightbox\" title=\"Kompyuterl\u0259 i\u015fl\u0259y\u0259nl\u0259rin G\u00f6z ChekUp Paketi\" href=\"https:\/\/aynagoz.az\/wp-content\/uploads\/2018\/12\/2E7A9621-scaled.jpg\"><i class=\"thsn-base-icon-search\"><\/i><\/a>\r\n\t\t<\/div>\r\n\t\t<div class=\"thsn-image-wrapper\">\r\n\t\t\t<div class=\"thsn-featured-wrapper\"><a href=\"https:\/\/aynagoz.az\/?thsn-portfolio=orthodontics\"><img loading=\"lazy\" decoding=\"async\" width=\"770\" height=\"635\" src=\"https:\/\/aynagoz.az\/wp-content\/uploads\/2018\/12\/2E7A9621-770x635.jpg\" class=\"attachment-thsn-img-770x635 size-thsn-img-770x635 wp-post-image\" alt=\"\" data-id=\"12907\" \/><\/a><\/div>\t\t<\/div>\t\t\t\r\n\t\t<div class=\"thsn-content-wrapper\">\r\n\t\t\t<div class=\"thsn-port-cat\"><\/div>\r\n\t\t\t<h3 class=\"thsn-portfolio-title\"><a href=\"https:\/\/aynagoz.az\/?thsn-portfolio=orthodontics\">Kompyuterl\u0259 i\u015fl\u0259y\u0259nl\u0259rin G\u00f6z ChekUp Paketi<\/a><\/h3>\t\r\n\t\t<\/div>\r\n\t<\/div>\r\n<\/article><\/div><\/div><\/div><!-- .themesion-element-inner -->   <\/div><!-- .themesion-element -->  [\/vc_column][\/vc_row]<\/p>\n","protected":false},"excerpt":{"rendered":"<p>[vc_row thsn-bg-color=&#8221;white&#8221; full_width=&#8221;stretch_row&#8221;][vc_column][\/vc_column][\/vc_row]<\/p>\n","protected":false},"author":1,"featured_media":0,"parent":0,"menu_order":13,"comment_status":"closed","ping_status":"closed","template":"","meta":{"_acf_changed":false,"footnotes":""},"class_list":["post-8564","page","type-page","status-publish","hentry"],"acf":[],"_links":{"self":[{"href":"https:\/\/aynagoz.az\/index.php?rest_route=\/wp\/v2\/pages\/8564","targetHints":{"allow":["GET"]}}],"collection":[{"href":"https:\/\/aynagoz.az\/index.php?rest_route=\/wp\/v2\/pages"}],"about":[{"href":"https:\/\/aynagoz.az\/index.php?rest_route=\/wp\/v2\/types\/page"}],"author":[{"embeddable":true,"href":"https:\/\/aynagoz.az\/index.php?rest_route=\/wp\/v2\/users\/1"}],"replies":[{"embeddable":true,"href":"https:\/\/aynagoz.az\/index.php?rest_route=%2Fwp%2Fv2%2Fcomments&post=8564"}],"version-history":[{"count":1,"href":"https:\/\/aynagoz.az\/index.php?rest_route=\/wp\/v2\/pages\/8564\/revisions"}],"predecessor-version":[{"id":12818,"href":"https:\/\/aynagoz.az\/index.php?rest_route=\/wp\/v2\/pages\/8564\/revisions\/12818"}],"wp:attachment":[{"href":"https:\/\/aynagoz.az\/index.php?rest_route=%2Fwp%2Fv2%2Fmedia&parent=8564"}],"curies":[{"name":"wp","href":"https:\/\/api.w.org\/{rel}","templated":true}]}}