{"id":12806,"date":"2022-06-02T18:04:46","date_gmt":"2022-06-02T14:04:46","guid":{"rendered":"http:\/\/aynagoz.az\/?page_id=12806"},"modified":"2022-07-07T14:58:06","modified_gmt":"2022-07-07T10:58:06","slug":"muayin%c9%99-haqqinda","status":"publish","type":"page","link":"https:\/\/aynagoz.az\/?page_id=12806","title":{"rendered":"M\u00fcayin\u0259 haqq\u0131nda"},"content":{"rendered":"<div class=\"vc_tta-panel-heading\">\n<p><span style=\"color: #000000;\">M\u00fcayin\u0259y\u0259 g\u0259l\u0259rk\u0259n ilk \u00f6nc\u0259 \u015f\u0259xsiyy\u0259t v\u0259siq\u0259niz v\u0259 daha \u0259vv\u0259l m\u0259rk\u0259zimizd\u0259 olmusunuzsa, f\u0259rdi kodunuz olan m\u00fcayin\u0259 kart\u0131n\u0131 qeydiyyat \u015f\u00f6b\u0259sind\u0259ki \u0259m\u0259kda\u015flar\u0131m\u0131za t\u0259qdim edin. Yeni kart a\u00e7\u0131ld\u0131qdan v\u0259 ya \u0259vv\u0259lki kart arxivd\u0259n \u00e7\u0131xar\u0131ld\u0131qdan sonra, ist\u0259kl\u0259riniz\u0259 \u0259sas\u0259n istiqam\u0259tl\u0259ndiril\u0259c\u0259ksiniz. \u015e\u0259hid yax\u0131nlar\u0131, veteranlar v\u0259 hamil\u0259 qad\u0131nlar\u0131n v\u0259ziyy\u0259tl\u0259ri bar\u0259sind\u0259 \u0259m\u0259kda\u015flar\u0131m\u0131za \u00f6nc\u0259d\u0259n m\u0259lumat verm\u0259l\u0259rini xahi\u015f edirik.<\/span><br \/>\n<span style=\"color: #000000;\">Standart m\u00fcayin\u0259 orta hesabla 80 d\u0259qiq\u0259, pasiyentin probleml\u0259rind\u0259n as\u0131l\u0131 olaraq b\u0259z\u0259n 130 d\u0259qiq\u0259 davam ed\u0259 bilir. Randevu alaraq ilk d\u0259f\u0259 g\u0259l\u0259n pasiyentl\u0259rin g\u00fcn \u0259rzind\u0259 dig\u0259r i\u015fl\u0259rind\u0259 problem yaranmamas\u0131 \u00fc\u00e7\u00fcn m\u00fcayin\u0259d\u0259 ke\u00e7ir\u0259c\u0259yi vaxt\u0131 2 saat olaraq planlamalar\u0131n\u0131 t\u00f6vsiy\u0259 edirik. M\u00fcayin\u0259 vaxt\u0131 \u0259m\u0259kda\u015fkar\u0131m\u0131za n\u0259 q\u0259d\u0259r \u00e7ox, d\u0259qiq v\u0259 dol\u011fun m\u0259lumat vers\u0259niz, m\u00fcayin\u0259niz o q\u0259d\u0259r h\u0259d\u0259fy\u00f6nl\u00fc, vaxt itirm\u0259d\u0259n v\u0259 narahatl\u0131qlar\u0131n\u0131z istiqam\u0259tind\u0259 daha d\u0259rinl\u0259\u015fmi\u015f olacaq. B\u0259z\u0259n pasiyentl\u0259r soru\u015facaqlar\u0131 m\u00f6vzular\u0131 unudurlar, buna g\u00f6r\u0259 d\u0259 suallar\u0131n\u0131z\u0131 \u0259vv\u0259lc\u0259d\u0259n bir yer\u0259 qeyd etm\u0259yinizi t\u00f6vsiy\u0259 edirik.<\/span><br \/>\n<span style=\"color: #000000;\">Pasiyentl\u0259rimizin bir qismi xo\u015flamasalar da, g\u00f6z b\u0259b\u0259kl\u0259rinin b\u00f6y\u00fcd\u00fclm\u0259si m\u00fcayin\u0259nin \u0259sas komponentl\u0259rind\u0259n oldu\u011fundan, bu m\u00fcayin\u0259ni etm\u0259k m\u0259cburiyy\u0259tind\u0259yik. B\u0259b\u0259kl\u0259r b\u00f6y\u00fcd\u00fcld\u00fckd\u0259n sonra h\u0259m yax\u0131ndan, h\u0259m d\u0259 uzaqdan g\u00f6rm\u0259 pozulur, i\u015f\u0131qda qama\u015fma \u00e7ox olur. B\u0259b\u0259yin t\u0259krar \u00f6z axar\u0131 il\u0259 d\u00fcz\u0259lm\u0259si orta hesabla 4-6 saat davam edir. Pasiyentl\u0259r ist\u0259dikl\u0259ri t\u0259qdird\u0259 bu m\u00fcdd\u0259ti d\u0259rman t\u00f6k\u0259r\u0259k 1.5 saata q\u0259d\u0259r q\u0131salda bilirik. <\/span><br \/>\n<span style=\"color: #000000;\">M\u00fcayin\u0259y\u0259 g\u0259l\u0259rk\u0259n kontakt linzalar\u0131n tax\u0131lmas\u0131 t\u00f6vsiy\u0259 olunmur, lakin daha d\u0259qiq m\u00fcayin\u0259 \u00fc\u00e7\u00fcn \u00f6z\u00fcn\u00fczl\u0259 g\u0259tirm\u0259yiniz m\u0259sl\u0259h\u0259tdir. G\u00f6zdaxili t\u0259zyiqin azald\u0131lmas\u0131 \u00fc\u00e7\u00fcn damc\u0131 istifad\u0259 ed\u0259n pasiyentl\u0259r d\u0259rmanlar\u0131n\u0131 eyni qaydada istifad\u0259 ed\u0259 bil\u0259rl\u0259r.<\/span><\/p>\n<\/div>\n","protected":false},"excerpt":{"rendered":"<p>M\u00fcayin\u0259y\u0259 g\u0259l\u0259rk\u0259n ilk \u00f6nc\u0259 \u015f\u0259xsiyy\u0259t v\u0259siq\u0259niz v\u0259 daha \u0259vv\u0259l m\u0259rk\u0259zimizd\u0259 olmusunuzsa, f\u0259rdi kodunuz olan m\u00fcayin\u0259 kart\u0131n\u0131 qeydiyyat \u015f\u00f6b\u0259sind\u0259ki \u0259m\u0259kda\u015flar\u0131m\u0131za t\u0259qdim edin. Yeni kart a\u00e7\u0131ld\u0131qdan v\u0259 ya \u0259vv\u0259lki kart arxivd\u0259n \u00e7\u0131xar\u0131ld\u0131qdan sonra, ist\u0259kl\u0259riniz\u0259 \u0259sas\u0259n istiqam\u0259tl\u0259ndiril\u0259c\u0259ksiniz. \u015e\u0259hid yax\u0131nlar\u0131, veteranlar v\u0259 hamil\u0259 qad\u0131nlar\u0131n v\u0259ziyy\u0259tl\u0259ri bar\u0259sind\u0259 \u0259m\u0259kda\u015flar\u0131m\u0131za \u00f6nc\u0259d\u0259n m\u0259lumat verm\u0259l\u0259rini xahi\u015f edirik. Standart m\u00fcayin\u0259 orta hesabla 80 d\u0259qiq\u0259, pasiyentin [&hellip;]<\/p>\n","protected":false},"author":1,"featured_media":0,"parent":0,"menu_order":0,"comment_status":"closed","ping_status":"closed","template":"","meta":{"_acf_changed":false,"footnotes":""},"class_list":["post-12806","page","type-page","status-publish","hentry"],"acf":[],"_links":{"self":[{"href":"https:\/\/aynagoz.az\/index.php?rest_route=\/wp\/v2\/pages\/12806","targetHints":{"allow":["GET"]}}],"collection":[{"href":"https:\/\/aynagoz.az\/index.php?rest_route=\/wp\/v2\/pages"}],"about":[{"href":"https:\/\/aynagoz.az\/index.php?rest_route=\/wp\/v2\/types\/page"}],"author":[{"embeddable":true,"href":"https:\/\/aynagoz.az\/index.php?rest_route=\/wp\/v2\/users\/1"}],"replies":[{"embeddable":true,"href":"https:\/\/aynagoz.az\/index.php?rest_route=%2Fwp%2Fv2%2Fcomments&post=12806"}],"version-history":[{"count":2,"href":"https:\/\/aynagoz.az\/index.php?rest_route=\/wp\/v2\/pages\/12806\/revisions"}],"predecessor-version":[{"id":12966,"href":"https:\/\/aynagoz.az\/index.php?rest_route=\/wp\/v2\/pages\/12806\/revisions\/12966"}],"wp:attachment":[{"href":"https:\/\/aynagoz.az\/index.php?rest_route=%2Fwp%2Fv2%2Fmedia&parent=12806"}],"curies":[{"name":"wp","href":"https:\/\/api.w.org\/{rel}","templated":true}]}}