{"id":12803,"date":"2022-06-02T18:03:49","date_gmt":"2022-06-02T14:03:49","guid":{"rendered":"http:\/\/aynagoz.az\/?page_id=12803"},"modified":"2022-07-08T16:48:44","modified_gmt":"2022-07-08T12:48:44","slug":"m%c9%99rk%c9%99zimiz%c9%99-g%c9%99l%c9%99rk%c9%99n","status":"publish","type":"page","link":"https:\/\/aynagoz.az\/?page_id=12803","title":{"rendered":"M\u0259rk\u0259zimiz\u0259 g\u0259l\u0259rk\u0259n"},"content":{"rendered":"<p>[vc_row][vc_column][vc_empty_space height=&#8221;50px&#8221;][vc_column_text]<span style=\"color: #000000;\"><strong>M\u00fcayin\u0259y\u0259 g\u0259l\u0259rk\u0259n g\u0259tirm\u0259li oldu\u011funuz s\u0259n\u0259d v\u0259 \u0259\u015fyalar:<\/strong><\/span><\/p>\n<p><span style=\"color: #000000;\">\u2013 \u015e\u0259xsiyy\u0259t v\u0259siq\u0259si<\/span><br \/>\n<span style=\"color: #000000;\">\u2013 \u0130stifad\u0259 etdiyiniz d\u0259rmanlar v\u0259 ya reseptl\u0259r<\/span><br \/>\n<span style=\"color: #000000;\">\u2013 Daha \u00f6nc\u0259 m\u0259rk\u0259zimizd\u0259 m\u00fcayin\u0259d\u0259 olmusunuzsa, siz\u0259 veril\u0259n m\u00fcayin\u0259 kart\u0131 (\u00fcz\u0259rind\u0259 kod yaz\u0131lan) v\u0259 s\u0259n\u0259dl\u0259r<\/span><br \/>\n<span style=\"color: #000000;\">\u2013 \u0130stifad\u0259 etdiyiniz eyn\u0259k v\u0259 kontakt linzalar<\/span><br \/>\n<span style=\"color: #000000;\">\u2013 G\u00fcn\u0259\u015f eyn\u0259yi (m\u00fcayin\u0259d\u0259n sonra a\u00e7\u0131q havada rahat g\u00f6rm\u0259yiniz \u00fc\u00e7\u00fcn)<\/span><\/p>\n<p><span style=\"color: #000000;\">Qeyd! Kirpik dibi v\u0259 g\u00f6z\u0259traf\u0131 kosmetikadan istifad\u0259 ed\u0259n pasiyentl\u0259rimizd\u0259n xahi\u015f edirik ki, m\u00fcayin\u0259y\u0259 g\u0259l\u0259rk\u0259n bel\u0259 kosmetik vasit\u0259l\u0259rd\u0259n istifad\u0259 etm\u0259sinl\u0259r.<\/span><\/p>\n<p><span style=\"color: #000000;\"><strong>T\u00f6vsiy\u0259l\u0259r:<\/strong><\/span><br \/>\n<span style=\"color: #000000;\">\u2013 Randevu tarixind\u0259n minimum 30 d\u0259qiq\u0259 \u00f6nc\u0259 m\u0259rk\u0259zimizd\u0259 olma\u011f\u0131n\u0131z t\u00f6vsiy\u0259 olunur.<\/span><br \/>\n<span style=\"color: #000000;\">\u2013 Pik saatlarda gecikm\u0259 hallar\u0131n\u0131n ola bil\u0259c\u0259yini n\u0259z\u0259r\u0259 alma\u011f\u0131n\u0131z\u0131 v\u0259 zaman\u0131n\u0131z\u0131 ona uy\u011fun t\u0259nziml\u0259m\u0259yiniz t\u00f6vsiy\u0259 olunur.<\/span><br \/>\n<span style=\"color: #000000;\">\u2013 G\u00fcnorta saatlar\u0131nda klinikan\u0131n \u0259traf\u0131nda parkinq \u00fc\u00e7\u00fcn yer tapmaq m\u00fc\u015fk\u00fcl oldu\u011fundan ictimai n\u0259qliyyat v\u0259 ya taksi xidm\u0259tind\u0259n istifad\u0259 etm\u0259yiniz t\u00f6vsiy\u0259 olunur.<\/span><br \/>\n<span style=\"color: #000000;\">\u2013 \u018fg\u0259r pasiyent, m\u00fcayin\u0259d\u0259n sonra avtomobil idar\u0259 etm\u0259yi planla\u015fd\u0131r\u0131rsa, n\u0259z\u0259r\u0259 almal\u0131d\u0131r ki, m\u00fcayin\u0259 vaxt\u0131 b\u0259b\u0259k geni\u015fl\u0259ndiril\u0259c\u0259yi \u00fc\u00e7\u00fcn avtomobil idar\u0259 etm\u0259yi \u00e7\u0259tin olacaq. Ona g\u00f6r\u0259 d\u0259 bel\u0259 \u015f\u0259xsl\u0259rin ya avtomobilsiz g\u0259lm\u0259l\u0259rini, ya da ba\u015fqa bir s\u00fcr\u00fcc\u00fc tapmalar\u0131n\u0131 t\u00f6vsiy\u0259 edirik.<\/span><\/p>\n<p>[\/vc_column_text][\/vc_column][\/vc_row]<\/p>\n","protected":false},"excerpt":{"rendered":"<p>[vc_row][vc_column][vc_empty_space height=&#8221;50px&#8221;][vc_column_text]M\u00fcayin\u0259y\u0259 g\u0259l\u0259rk\u0259n g\u0259tirm\u0259li oldu\u011funuz s\u0259n\u0259d v\u0259 \u0259\u015fyalar: \u2013 \u015e\u0259xsiyy\u0259t v\u0259siq\u0259si \u2013 \u0130stifad\u0259 etdiyiniz d\u0259rmanlar v\u0259 ya reseptl\u0259r \u2013 Daha \u00f6nc\u0259 m\u0259rk\u0259zimizd\u0259 m\u00fcayin\u0259d\u0259 olmusunuzsa, siz\u0259 veril\u0259n m\u00fcayin\u0259 kart\u0131 (\u00fcz\u0259rind\u0259 kod yaz\u0131lan) v\u0259 s\u0259n\u0259dl\u0259r \u2013 \u0130stifad\u0259 etdiyiniz eyn\u0259k v\u0259 kontakt linzalar \u2013 G\u00fcn\u0259\u015f eyn\u0259yi (m\u00fcayin\u0259d\u0259n sonra a\u00e7\u0131q havada rahat g\u00f6rm\u0259yiniz \u00fc\u00e7\u00fcn) Qeyd! Kirpik dibi v\u0259 g\u00f6z\u0259traf\u0131 [&hellip;]<\/p>\n","protected":false},"author":1,"featured_media":0,"parent":0,"menu_order":0,"comment_status":"closed","ping_status":"closed","template":"","meta":{"_acf_changed":false,"footnotes":""},"class_list":["post-12803","page","type-page","status-publish","hentry"],"acf":[],"_links":{"self":[{"href":"https:\/\/aynagoz.az\/index.php?rest_route=\/wp\/v2\/pages\/12803","targetHints":{"allow":["GET"]}}],"collection":[{"href":"https:\/\/aynagoz.az\/index.php?rest_route=\/wp\/v2\/pages"}],"about":[{"href":"https:\/\/aynagoz.az\/index.php?rest_route=\/wp\/v2\/types\/page"}],"author":[{"embeddable":true,"href":"https:\/\/aynagoz.az\/index.php?rest_route=\/wp\/v2\/users\/1"}],"replies":[{"embeddable":true,"href":"https:\/\/aynagoz.az\/index.php?rest_route=%2Fwp%2Fv2%2Fcomments&post=12803"}],"version-history":[{"count":38,"href":"https:\/\/aynagoz.az\/index.php?rest_route=\/wp\/v2\/pages\/12803\/revisions"}],"predecessor-version":[{"id":13035,"href":"https:\/\/aynagoz.az\/index.php?rest_route=\/wp\/v2\/pages\/12803\/revisions\/13035"}],"wp:attachment":[{"href":"https:\/\/aynagoz.az\/index.php?rest_route=%2Fwp%2Fv2%2Fmedia&parent=12803"}],"curies":[{"name":"wp","href":"https:\/\/api.w.org\/{rel}","templated":true}]}}