{"id":12801,"date":"2022-06-02T18:03:24","date_gmt":"2022-06-02T14:03:24","guid":{"rendered":"http:\/\/aynagoz.az\/?page_id=12801"},"modified":"2022-07-08T16:16:10","modified_gmt":"2022-07-08T12:16:10","slug":"randevu-alark%c9%99n","status":"publish","type":"page","link":"https:\/\/aynagoz.az\/?page_id=12801","title":{"rendered":"Randevu alark\u0259n"},"content":{"rendered":"<p>[vc_row thsn-bg-color=&#8221;globalcolor&#8221; thsn-bg-image-position=&#8221;center-center&#8221; thsn-bg-image-color-order=&#8221;image-over-color&#8221; full_width=&#8221;stretch_row&#8221; equal_height=&#8221;yes&#8221; css=&#8221;.vc_custom_1657282478871{padding-top: 0px !important;padding-bottom: 0px !important;background-position: 0 0 !important;background-repeat: repeat !important;}&#8221;][vc_column width=&#8221;1\/2&#8243; css=&#8221;.vc_custom_1563429426146{padding-top: 80px !important;padding-right: 70px !important;padding-bottom: 60px !important;}&#8221;][vc_custom_heading text=&#8221;M\u0259rk\u0259zimiz\u0259 h\u0259kim m\u00fcayin\u0259sin\u0259 g\u0259lm\u0259zd\u0259n \u0259vv\u0259l randevu alma\u011f\u0131n\u0131z\u0131 t\u00f6vsiy\u0259 edirik. Canl\u0131 N\u00f6vb\u0259 s\u0131ram\u0131z olsa da, m\u00fcayin\u0259y\u0259 ilkin olaraq randevu alan v\u0259 son iki h\u0259ft\u0259 \u0259rzind\u0259 \u0259m\u0259liyyat olunan pasiyentl\u0259r q\u0259bul edilir. Daha sonra is\u0259 Canl\u0131 N\u00f6vb\u0259d\u0259 g\u00f6zl\u0259y\u0259nl\u0259r m\u00fcayin\u0259 olunur.<br \/>\nRandevu g\u00f6zl\u0259m\u0259 vaxt\u0131 15-90 g\u00fcnl\u00fck m\u00fcdd\u0259ti \u0259hat\u0259 ed\u0259 bilir. Buna g\u00f6r\u0259 d\u0259, m\u00fcayin\u0259y\u0259 g\u0259lm\u0259mi\u015fd\u0259n t\u0259xmin\u0259n 2 ay \u00f6nc\u0259 z\u0259ng edib randevu alman\u0131z\u0131 v\u0259 ya klinikadan \u00e7\u0131xmadan n\u00f6vb\u0259ti m\u00fcayin\u0259 tarixini qeydiyyat \u015f\u00f6b\u0259sind\u0259 d\u0259qiql\u0259\u015fdirm\u0259yinizi m\u0259sl\u0259h\u0259t g\u00f6r\u00fcr\u00fck.<br \/>\nUzun n\u00f6vb\u0259l\u0259rd\u0259 g\u00f6zl\u0259m\u0259m\u0259k \u00fc\u00e7\u00fcn sosial media hesablar\u0131m\u0131zda v\u0259 ya vebsayt\u0131m\u0131zda qeyd olunan n\u00f6mr\u0259l\u0259rl\u0259 \u0259laq\u0259 saxlayaraq n\u00f6vb\u0259 g\u00f6t\u00fcr\u0259 bil\u0259rsiniz.<br \/>\nQeyd ed\u0259k ki, randevu alan pasiyentl\u0259rimiz\u0259 m\u00fcayin\u0259 vaxt\u0131ndan 1-2 g\u00fcn \u0259vv\u0259l \u0259m\u0259kda\u015flar\u0131m\u0131z t\u0259r\u0259find\u0259n xat\u0131rlatma edilir. Bu s\u0259b\u0259bd\u0259n, t\u0259qdim ed\u0259c\u0259yiniz telefon n\u00f6mr\u0259sinin daima i\u015fl\u0259k v\u0259ziyy\u0259td\u0259 oldu\u011fundan \u0259min olun.&#8221; font_container=&#8221;tag:div|font_size:18px|text_align:left|color:%23ffffff|line_height:28px&#8221; use_theme_fonts=&#8221;yes&#8221;][\/vc_column][vc_column thsn-extended-column=&#8221;right&#8221; width=&#8221;1\/2&#8243; css=&#8221;.vc_custom_1657282582484{background-image: url(http:\/\/aynagoz.az\/wp-content\/uploads\/2022\/07\/2E7A9623-scaled.jpg?id=13003) !important;background-position: center !important;background-repeat: no-repeat !important;background-size: cover !important;}&#8221;][\/vc_column][\/vc_row]<\/p>\n","protected":false},"excerpt":{"rendered":"<p>[vc_row thsn-bg-color=&#8221;globalcolor&#8221; thsn-bg-image-position=&#8221;center-center&#8221; thsn-bg-image-color-order=&#8221;image-over-color&#8221; full_width=&#8221;stretch_row&#8221; equal_height=&#8221;yes&#8221; css=&#8221;.vc_custom_1657282478871{padding-top: 0px !important;padding-bottom: 0px !important;background-position: 0 0 !important;background-repeat: repeat !important;}&#8221;][vc_column width=&#8221;1\/2&#8243; css=&#8221;.vc_custom_1563429426146{padding-top: 80px !important;padding-right: 70px !important;padding-bottom: 60px !important;}&#8221;][vc_custom_heading text=&#8221;M\u0259rk\u0259zimiz\u0259 h\u0259kim m\u00fcayin\u0259sin\u0259 g\u0259lm\u0259zd\u0259n \u0259vv\u0259l randevu alma\u011f\u0131n\u0131z\u0131 t\u00f6vsiy\u0259 edirik. Canl\u0131 N\u00f6vb\u0259 s\u0131ram\u0131z olsa da, m\u00fcayin\u0259y\u0259 ilkin olaraq randevu alan v\u0259 son iki h\u0259ft\u0259 \u0259rzind\u0259 \u0259m\u0259liyyat olunan pasiyentl\u0259r q\u0259bul edilir. Daha sonra [&hellip;]<\/p>\n","protected":false},"author":1,"featured_media":0,"parent":0,"menu_order":0,"comment_status":"closed","ping_status":"closed","template":"","meta":{"_acf_changed":false,"footnotes":""},"class_list":["post-12801","page","type-page","status-publish","hentry"],"acf":[],"_links":{"self":[{"href":"https:\/\/aynagoz.az\/index.php?rest_route=\/wp\/v2\/pages\/12801","targetHints":{"allow":["GET"]}}],"collection":[{"href":"https:\/\/aynagoz.az\/index.php?rest_route=\/wp\/v2\/pages"}],"about":[{"href":"https:\/\/aynagoz.az\/index.php?rest_route=\/wp\/v2\/types\/page"}],"author":[{"embeddable":true,"href":"https:\/\/aynagoz.az\/index.php?rest_route=\/wp\/v2\/users\/1"}],"replies":[{"embeddable":true,"href":"https:\/\/aynagoz.az\/index.php?rest_route=%2Fwp%2Fv2%2Fcomments&post=12801"}],"version-history":[{"count":14,"href":"https:\/\/aynagoz.az\/index.php?rest_route=\/wp\/v2\/pages\/12801\/revisions"}],"predecessor-version":[{"id":13004,"href":"https:\/\/aynagoz.az\/index.php?rest_route=\/wp\/v2\/pages\/12801\/revisions\/13004"}],"wp:attachment":[{"href":"https:\/\/aynagoz.az\/index.php?rest_route=%2Fwp%2Fv2%2Fmedia&parent=12801"}],"curies":[{"name":"wp","href":"https:\/\/api.w.org\/{rel}","templated":true}]}}