{"id":12706,"date":"2022-05-31T10:36:27","date_gmt":"2022-05-31T06:36:27","guid":{"rendered":"http:\/\/aynagoz.az\/?page_id=12706"},"modified":"2022-05-31T10:36:27","modified_gmt":"2022-05-31T06:36:27","slug":"goz-yasi-kanali-%c9%99m%c9%99liyyatlari","status":"publish","type":"page","link":"https:\/\/aynagoz.az\/?page_id=12706","title":{"rendered":"G\u00f6z ya\u015f\u0131 kanal\u0131 \u0259m\u0259liyyatlar\u0131"},"content":{"rendered":"<p><span style=\"color: #000000;\">G\u00f6z ya\u015f\u0131 kanal\u0131 \u0259m\u0259liyyatlar\u0131<\/span><\/p>\n","protected":false},"excerpt":{"rendered":"<p>G\u00f6z ya\u015f\u0131 kanal\u0131 \u0259m\u0259liyyatlar\u0131<\/p>\n","protected":false},"author":1,"featured_media":0,"parent":0,"menu_order":0,"comment_status":"closed","ping_status":"closed","template":"","meta":{"_acf_changed":false,"footnotes":""},"class_list":["post-12706","page","type-page","status-publish","hentry"],"acf":[],"_links":{"self":[{"href":"https:\/\/aynagoz.az\/index.php?rest_route=\/wp\/v2\/pages\/12706","targetHints":{"allow":["GET"]}}],"collection":[{"href":"https:\/\/aynagoz.az\/index.php?rest_route=\/wp\/v2\/pages"}],"about":[{"href":"https:\/\/aynagoz.az\/index.php?rest_route=\/wp\/v2\/types\/page"}],"author":[{"embeddable":true,"href":"https:\/\/aynagoz.az\/index.php?rest_route=\/wp\/v2\/users\/1"}],"replies":[{"embeddable":true,"href":"https:\/\/aynagoz.az\/index.php?rest_route=%2Fwp%2Fv2%2Fcomments&post=12706"}],"version-history":[{"count":1,"href":"https:\/\/aynagoz.az\/index.php?rest_route=\/wp\/v2\/pages\/12706\/revisions"}],"predecessor-version":[{"id":12707,"href":"https:\/\/aynagoz.az\/index.php?rest_route=\/wp\/v2\/pages\/12706\/revisions\/12707"}],"wp:attachment":[{"href":"https:\/\/aynagoz.az\/index.php?rest_route=%2Fwp%2Fv2%2Fmedia&parent=12706"}],"curies":[{"name":"wp","href":"https:\/\/api.w.org\/{rel}","templated":true}]}}