{"id":12704,"date":"2022-05-31T10:36:13","date_gmt":"2022-05-31T06:36:13","guid":{"rendered":"http:\/\/aynagoz.az\/?page_id=12704"},"modified":"2022-05-31T10:36:13","modified_gmt":"2022-05-31T06:36:13","slug":"c%c9%99pgozluk-%c9%99m%c9%99liyyatlari","status":"publish","type":"page","link":"https:\/\/aynagoz.az\/?page_id=12704","title":{"rendered":"\u00c7\u0259pg\u00f6zl\u00fck \u0259m\u0259liyyatlar\u0131"},"content":{"rendered":"<p><span style=\"color: #000000;\">\u00c7\u0259pg\u00f6zl\u00fck \u0259m\u0259liyyatlar\u0131 (\u018fz\u0259l\u0259l\u0259rin g\u00fccl\u0259rinin art\u0131r\u0131lmas\u0131 \u0259m\u0259liyyatlar\u0131, \u018fz\u0259l\u0259l\u0259rin g\u00fccl\u0259rinin azald\u0131lmas\u0131 \u0259m\u0259liyyatlar\u0131, \u018fz\u0259l\u0259l\u0259rin yerl\u0259rinin d\u0259yi\u015fdirilm\u0259si \u0259m\u0259liyyatlar\u0131)<\/span><\/p>\n","protected":false},"excerpt":{"rendered":"<p>\u00c7\u0259pg\u00f6zl\u00fck \u0259m\u0259liyyatlar\u0131 (\u018fz\u0259l\u0259l\u0259rin g\u00fccl\u0259rinin art\u0131r\u0131lmas\u0131 \u0259m\u0259liyyatlar\u0131, \u018fz\u0259l\u0259l\u0259rin g\u00fccl\u0259rinin azald\u0131lmas\u0131 \u0259m\u0259liyyatlar\u0131, \u018fz\u0259l\u0259l\u0259rin yerl\u0259rinin d\u0259yi\u015fdirilm\u0259si \u0259m\u0259liyyatlar\u0131)<\/p>\n","protected":false},"author":1,"featured_media":0,"parent":0,"menu_order":0,"comment_status":"closed","ping_status":"closed","template":"","meta":{"_acf_changed":false,"footnotes":""},"class_list":["post-12704","page","type-page","status-publish","hentry"],"acf":[],"_links":{"self":[{"href":"https:\/\/aynagoz.az\/index.php?rest_route=\/wp\/v2\/pages\/12704","targetHints":{"allow":["GET"]}}],"collection":[{"href":"https:\/\/aynagoz.az\/index.php?rest_route=\/wp\/v2\/pages"}],"about":[{"href":"https:\/\/aynagoz.az\/index.php?rest_route=\/wp\/v2\/types\/page"}],"author":[{"embeddable":true,"href":"https:\/\/aynagoz.az\/index.php?rest_route=\/wp\/v2\/users\/1"}],"replies":[{"embeddable":true,"href":"https:\/\/aynagoz.az\/index.php?rest_route=%2Fwp%2Fv2%2Fcomments&post=12704"}],"version-history":[{"count":1,"href":"https:\/\/aynagoz.az\/index.php?rest_route=\/wp\/v2\/pages\/12704\/revisions"}],"predecessor-version":[{"id":12705,"href":"https:\/\/aynagoz.az\/index.php?rest_route=\/wp\/v2\/pages\/12704\/revisions\/12705"}],"wp:attachment":[{"href":"https:\/\/aynagoz.az\/index.php?rest_route=%2Fwp%2Fv2%2Fmedia&parent=12704"}],"curies":[{"name":"wp","href":"https:\/\/api.w.org\/{rel}","templated":true}]}}