{"id":12700,"date":"2022-05-31T10:35:24","date_gmt":"2022-05-31T06:35:24","guid":{"rendered":"http:\/\/aynagoz.az\/?page_id=12700"},"modified":"2022-05-31T10:35:24","modified_gmt":"2022-05-31T06:35:24","slug":"torlu-qisa-%c9%99m%c9%99liyyatlari","status":"publish","type":"page","link":"https:\/\/aynagoz.az\/?page_id=12700","title":{"rendered":"Torlu qi\u015fa \u0259m\u0259liyyatlar\u0131"},"content":{"rendered":"<div class=\"vc_row wpb_row vc_row-fluid vc_custom_1546925062172 thsn-row thsn-bg-color-yes thsn-bg-color-white thsn-zindex-zero\">\n<div class=\"wpb_column vc_column_container vc_col-sm-12 thsn-column thsn-bg-color-yes thsn-bg-color-transparent thsn-zindex-zero\">\n<div class=\"vc_column-inner \">\n<div class=\"wpb_wrapper\">\n<div class=\"vc_toggle vc_toggle_default vc_toggle_color_globalcolor vc_toggle_size_md vc_toggle_active\">\n<div class=\"vc_toggle_content\">\n<div class=\"vc_row wpb_row vc_row-fluid vc_custom_1546925062172 thsn-row thsn-bg-color-yes thsn-bg-color-white thsn-zindex-zero\">\n<div class=\"wpb_column vc_column_container vc_col-sm-12 thsn-column thsn-bg-color-yes thsn-bg-color-transparent thsn-zindex-zero\">\n<div class=\"vc_column-inner \">\n<div class=\"wpb_wrapper\">\n<div class=\"vc_toggle vc_toggle_default vc_toggle_color_globalcolor vc_toggle_size_md vc_toggle_active\">\n<div class=\"vc_toggle_content\">\n<p><span style=\"color: #000000;\">Torlu qi\u015fa \u0259m\u0259liyyatlar\u0131 (Torlu qi\u015fan\u0131n qopmas\u0131 \u0259m\u0259liyyatlar\u0131, G\u00f6zdaxili yad cismin \u00e7\u0131xar\u0131lmas\u0131 \u0259m\u0259liyyatlar\u0131, G\u00f6zdaxili qanamalar\u0131n t\u0259mizl\u0259nm\u0259si \u0259m\u0259liyyatlar\u0131, \u015e\u0259k\u0259rli diabetin f\u0259sadlar\u0131n\u0131n aradan qald\u0131r\u0131lmas\u0131 \u0259m\u0259liyyatlar\u0131, Membran soyma \u0259m\u0259liyyatlar\u0131, G\u00f6z dibin\u0259 d\u00fc\u015fm\u00fc\u015f b\u00fcllurun \u00e7\u0131xar\u0131lmas\u0131 \u0259m\u0259liyyatlar\u0131)<\/span><\/p>\n<\/div>\n<\/div>\n<\/div>\n<\/div>\n<\/div>\n<\/div>\n<\/div>\n<\/div>\n<\/div>\n<\/div>\n<\/div>\n<\/div>\n","protected":false},"excerpt":{"rendered":"<p>Torlu qi\u015fa \u0259m\u0259liyyatlar\u0131 (Torlu qi\u015fan\u0131n qopmas\u0131 \u0259m\u0259liyyatlar\u0131, G\u00f6zdaxili yad cismin \u00e7\u0131xar\u0131lmas\u0131 \u0259m\u0259liyyatlar\u0131, G\u00f6zdaxili qanamalar\u0131n t\u0259mizl\u0259nm\u0259si \u0259m\u0259liyyatlar\u0131, \u015e\u0259k\u0259rli diabetin f\u0259sadlar\u0131n\u0131n aradan qald\u0131r\u0131lmas\u0131 \u0259m\u0259liyyatlar\u0131, Membran soyma \u0259m\u0259liyyatlar\u0131, G\u00f6z dibin\u0259 d\u00fc\u015fm\u00fc\u015f b\u00fcllurun \u00e7\u0131xar\u0131lmas\u0131 \u0259m\u0259liyyatlar\u0131)<\/p>\n","protected":false},"author":1,"featured_media":0,"parent":0,"menu_order":0,"comment_status":"closed","ping_status":"closed","template":"","meta":{"_acf_changed":false,"footnotes":""},"class_list":["post-12700","page","type-page","status-publish","hentry"],"acf":[],"_links":{"self":[{"href":"https:\/\/aynagoz.az\/index.php?rest_route=\/wp\/v2\/pages\/12700","targetHints":{"allow":["GET"]}}],"collection":[{"href":"https:\/\/aynagoz.az\/index.php?rest_route=\/wp\/v2\/pages"}],"about":[{"href":"https:\/\/aynagoz.az\/index.php?rest_route=\/wp\/v2\/types\/page"}],"author":[{"embeddable":true,"href":"https:\/\/aynagoz.az\/index.php?rest_route=\/wp\/v2\/users\/1"}],"replies":[{"embeddable":true,"href":"https:\/\/aynagoz.az\/index.php?rest_route=%2Fwp%2Fv2%2Fcomments&post=12700"}],"version-history":[{"count":1,"href":"https:\/\/aynagoz.az\/index.php?rest_route=\/wp\/v2\/pages\/12700\/revisions"}],"predecessor-version":[{"id":12701,"href":"https:\/\/aynagoz.az\/index.php?rest_route=\/wp\/v2\/pages\/12700\/revisions\/12701"}],"wp:attachment":[{"href":"https:\/\/aynagoz.az\/index.php?rest_route=%2Fwp%2Fv2%2Fmedia&parent=12700"}],"curies":[{"name":"wp","href":"https:\/\/api.w.org\/{rel}","templated":true}]}}