{"id":12698,"date":"2022-05-31T10:34:50","date_gmt":"2022-05-31T06:34:50","guid":{"rendered":"http:\/\/aynagoz.az\/?page_id=12698"},"modified":"2022-05-31T10:34:50","modified_gmt":"2022-05-31T06:34:50","slug":"gozdaxili-linzalarin-implantasiyasi","status":"publish","type":"page","link":"https:\/\/aynagoz.az\/?page_id=12698","title":{"rendered":"G\u00f6zdaxili linzalar\u0131n implantasiyas\u0131"},"content":{"rendered":"<p><span style=\"color: #000000;\">G\u00f6zdaxili linzalar\u0131n implantasiyas\u0131 (Monofokal \u0130OL implantasiyas\u0131, Multifokal \u0130OL implantasiyas\u0131, Trifokal \u0130OL implantasiyas\u0131, \u0130OL d\u0259yi\u015fdirm\u0259, PiggyBag \u0130OL implantasiyas\u0131, Skleral fiksasiya \u0130OL implantasiyas\u0131, \u0130R\u0130S CLAW \u0130OL implantasiyas\u0131)<\/span><\/p>\n","protected":false},"excerpt":{"rendered":"<p>G\u00f6zdaxili linzalar\u0131n implantasiyas\u0131 (Monofokal \u0130OL implantasiyas\u0131, Multifokal \u0130OL implantasiyas\u0131, Trifokal \u0130OL implantasiyas\u0131, \u0130OL d\u0259yi\u015fdirm\u0259, PiggyBag \u0130OL implantasiyas\u0131, Skleral fiksasiya \u0130OL implantasiyas\u0131, \u0130R\u0130S CLAW \u0130OL implantasiyas\u0131)<\/p>\n","protected":false},"author":1,"featured_media":0,"parent":0,"menu_order":0,"comment_status":"closed","ping_status":"closed","template":"","meta":{"_acf_changed":false,"footnotes":""},"class_list":["post-12698","page","type-page","status-publish","hentry"],"acf":[],"_links":{"self":[{"href":"https:\/\/aynagoz.az\/index.php?rest_route=\/wp\/v2\/pages\/12698","targetHints":{"allow":["GET"]}}],"collection":[{"href":"https:\/\/aynagoz.az\/index.php?rest_route=\/wp\/v2\/pages"}],"about":[{"href":"https:\/\/aynagoz.az\/index.php?rest_route=\/wp\/v2\/types\/page"}],"author":[{"embeddable":true,"href":"https:\/\/aynagoz.az\/index.php?rest_route=\/wp\/v2\/users\/1"}],"replies":[{"embeddable":true,"href":"https:\/\/aynagoz.az\/index.php?rest_route=%2Fwp%2Fv2%2Fcomments&post=12698"}],"version-history":[{"count":1,"href":"https:\/\/aynagoz.az\/index.php?rest_route=\/wp\/v2\/pages\/12698\/revisions"}],"predecessor-version":[{"id":12699,"href":"https:\/\/aynagoz.az\/index.php?rest_route=\/wp\/v2\/pages\/12698\/revisions\/12699"}],"wp:attachment":[{"href":"https:\/\/aynagoz.az\/index.php?rest_route=%2Fwp%2Fv2%2Fmedia&parent=12698"}],"curies":[{"name":"wp","href":"https:\/\/api.w.org\/{rel}","templated":true}]}}