{"id":12694,"date":"2022-05-31T10:34:11","date_gmt":"2022-05-31T06:34:11","guid":{"rendered":"http:\/\/aynagoz.az\/?page_id=12694"},"modified":"2022-05-31T10:34:11","modified_gmt":"2022-05-31T06:34:11","slug":"keratokonus-%c9%99m%c9%99liyyatlari","status":"publish","type":"page","link":"https:\/\/aynagoz.az\/?page_id=12694","title":{"rendered":"Keratokonus \u0259m\u0259liyyatlar\u0131"},"content":{"rendered":"<p><span style=\"color: #000000;\">Keratokonus \u0259m\u0259liyyatlar\u0131 (Cross Linking \u0259m\u0259liyyat\u0131, \u0130ntrakorneal Ring implantasiyas\u0131)<\/span><\/p>\n","protected":false},"excerpt":{"rendered":"<p>Keratokonus \u0259m\u0259liyyatlar\u0131 (Cross Linking \u0259m\u0259liyyat\u0131, \u0130ntrakorneal Ring implantasiyas\u0131)<\/p>\n","protected":false},"author":1,"featured_media":0,"parent":0,"menu_order":0,"comment_status":"closed","ping_status":"closed","template":"","meta":{"_acf_changed":false,"footnotes":""},"class_list":["post-12694","page","type-page","status-publish","hentry"],"acf":[],"_links":{"self":[{"href":"https:\/\/aynagoz.az\/index.php?rest_route=\/wp\/v2\/pages\/12694","targetHints":{"allow":["GET"]}}],"collection":[{"href":"https:\/\/aynagoz.az\/index.php?rest_route=\/wp\/v2\/pages"}],"about":[{"href":"https:\/\/aynagoz.az\/index.php?rest_route=\/wp\/v2\/types\/page"}],"author":[{"embeddable":true,"href":"https:\/\/aynagoz.az\/index.php?rest_route=\/wp\/v2\/users\/1"}],"replies":[{"embeddable":true,"href":"https:\/\/aynagoz.az\/index.php?rest_route=%2Fwp%2Fv2%2Fcomments&post=12694"}],"version-history":[{"count":1,"href":"https:\/\/aynagoz.az\/index.php?rest_route=\/wp\/v2\/pages\/12694\/revisions"}],"predecessor-version":[{"id":12695,"href":"https:\/\/aynagoz.az\/index.php?rest_route=\/wp\/v2\/pages\/12694\/revisions\/12695"}],"wp:attachment":[{"href":"https:\/\/aynagoz.az\/index.php?rest_route=%2Fwp%2Fv2%2Fmedia&parent=12694"}],"curies":[{"name":"wp","href":"https:\/\/api.w.org\/{rel}","templated":true}]}}