{"id":12692,"date":"2022-05-31T10:33:44","date_gmt":"2022-05-31T06:33:44","guid":{"rendered":"http:\/\/aynagoz.az\/?page_id=12692"},"modified":"2022-05-31T10:33:44","modified_gmt":"2022-05-31T06:33:44","slug":"z%c9%99ifgorm%c9%99-%c9%99m%c9%99liyyatlari","status":"publish","type":"page","link":"https:\/\/aynagoz.az\/?page_id=12692","title":{"rendered":"Z\u0259ifg\u00f6rm\u0259 \u0259m\u0259liyyatlar\u0131"},"content":{"rendered":"<p><span style=\"color: #000000;\">Z\u0259ifg\u00f6rm\u0259 \u0259m\u0259liyyatlar\u0131 ( Excimer laser, PHAK\u0130C \u0130OL, Mono v\u0259 Multifocal \u0130OL, RK v\u0259 LR\u0130)<\/span><\/p>\n","protected":false},"excerpt":{"rendered":"<p>Z\u0259ifg\u00f6rm\u0259 \u0259m\u0259liyyatlar\u0131 ( Excimer laser, PHAK\u0130C \u0130OL, Mono v\u0259 Multifocal \u0130OL, RK v\u0259 LR\u0130)<\/p>\n","protected":false},"author":1,"featured_media":0,"parent":0,"menu_order":0,"comment_status":"closed","ping_status":"closed","template":"","meta":{"_acf_changed":false,"footnotes":""},"class_list":["post-12692","page","type-page","status-publish","hentry"],"acf":[],"_links":{"self":[{"href":"https:\/\/aynagoz.az\/index.php?rest_route=\/wp\/v2\/pages\/12692","targetHints":{"allow":["GET"]}}],"collection":[{"href":"https:\/\/aynagoz.az\/index.php?rest_route=\/wp\/v2\/pages"}],"about":[{"href":"https:\/\/aynagoz.az\/index.php?rest_route=\/wp\/v2\/types\/page"}],"author":[{"embeddable":true,"href":"https:\/\/aynagoz.az\/index.php?rest_route=\/wp\/v2\/users\/1"}],"replies":[{"embeddable":true,"href":"https:\/\/aynagoz.az\/index.php?rest_route=%2Fwp%2Fv2%2Fcomments&post=12692"}],"version-history":[{"count":1,"href":"https:\/\/aynagoz.az\/index.php?rest_route=\/wp\/v2\/pages\/12692\/revisions"}],"predecessor-version":[{"id":12693,"href":"https:\/\/aynagoz.az\/index.php?rest_route=\/wp\/v2\/pages\/12692\/revisions\/12693"}],"wp:attachment":[{"href":"https:\/\/aynagoz.az\/index.php?rest_route=%2Fwp%2Fv2%2Fmedia&parent=12692"}],"curies":[{"name":"wp","href":"https:\/\/api.w.org\/{rel}","templated":true}]}}