{"id":12675,"date":"2022-05-30T12:40:23","date_gmt":"2022-05-30T08:40:23","guid":{"rendered":"http:\/\/aynagoz.az\/?page_id=12675"},"modified":"2022-05-30T12:40:23","modified_gmt":"2022-05-30T08:40:23","slug":"gozd%c9%99ki-yad-cismin-cixardilmasi","status":"publish","type":"page","link":"https:\/\/aynagoz.az\/?page_id=12675","title":{"rendered":"G\u00f6zd\u0259ki yad cismin \u00e7\u0131xard\u0131lmas\u0131"},"content":{"rendered":"","protected":false},"excerpt":{"rendered":"","protected":false},"author":1,"featured_media":0,"parent":0,"menu_order":0,"comment_status":"closed","ping_status":"closed","template":"","meta":{"_acf_changed":false,"footnotes":""},"class_list":["post-12675","page","type-page","status-publish","hentry"],"acf":[],"_links":{"self":[{"href":"https:\/\/aynagoz.az\/index.php?rest_route=\/wp\/v2\/pages\/12675","targetHints":{"allow":["GET"]}}],"collection":[{"href":"https:\/\/aynagoz.az\/index.php?rest_route=\/wp\/v2\/pages"}],"about":[{"href":"https:\/\/aynagoz.az\/index.php?rest_route=\/wp\/v2\/types\/page"}],"author":[{"embeddable":true,"href":"https:\/\/aynagoz.az\/index.php?rest_route=\/wp\/v2\/users\/1"}],"replies":[{"embeddable":true,"href":"https:\/\/aynagoz.az\/index.php?rest_route=%2Fwp%2Fv2%2Fcomments&post=12675"}],"version-history":[{"count":1,"href":"https:\/\/aynagoz.az\/index.php?rest_route=\/wp\/v2\/pages\/12675\/revisions"}],"predecessor-version":[{"id":12676,"href":"https:\/\/aynagoz.az\/index.php?rest_route=\/wp\/v2\/pages\/12675\/revisions\/12676"}],"wp:attachment":[{"href":"https:\/\/aynagoz.az\/index.php?rest_route=%2Fwp%2Fv2%2Fmedia&parent=12675"}],"curies":[{"name":"wp","href":"https:\/\/api.w.org\/{rel}","templated":true}]}}