{"id":12673,"date":"2022-05-30T12:39:54","date_gmt":"2022-05-30T08:39:54","guid":{"rendered":"http:\/\/aynagoz.az\/?page_id=12673"},"modified":"2022-05-30T12:39:54","modified_gmt":"2022-05-30T08:39:54","slug":"goz-yasi-kanalinin-prosedurlari","status":"publish","type":"page","link":"https:\/\/aynagoz.az\/?page_id=12673","title":{"rendered":"G\u00f6z ya\u015f\u0131 kanal\u0131n\u0131n prosedurlar\u0131"},"content":{"rendered":"","protected":false},"excerpt":{"rendered":"","protected":false},"author":1,"featured_media":0,"parent":0,"menu_order":0,"comment_status":"closed","ping_status":"closed","template":"","meta":{"_acf_changed":false,"footnotes":""},"class_list":["post-12673","page","type-page","status-publish","hentry"],"acf":[],"_links":{"self":[{"href":"https:\/\/aynagoz.az\/index.php?rest_route=\/wp\/v2\/pages\/12673","targetHints":{"allow":["GET"]}}],"collection":[{"href":"https:\/\/aynagoz.az\/index.php?rest_route=\/wp\/v2\/pages"}],"about":[{"href":"https:\/\/aynagoz.az\/index.php?rest_route=\/wp\/v2\/types\/page"}],"author":[{"embeddable":true,"href":"https:\/\/aynagoz.az\/index.php?rest_route=\/wp\/v2\/users\/1"}],"replies":[{"embeddable":true,"href":"https:\/\/aynagoz.az\/index.php?rest_route=%2Fwp%2Fv2%2Fcomments&post=12673"}],"version-history":[{"count":1,"href":"https:\/\/aynagoz.az\/index.php?rest_route=\/wp\/v2\/pages\/12673\/revisions"}],"predecessor-version":[{"id":12674,"href":"https:\/\/aynagoz.az\/index.php?rest_route=\/wp\/v2\/pages\/12673\/revisions\/12674"}],"wp:attachment":[{"href":"https:\/\/aynagoz.az\/index.php?rest_route=%2Fwp%2Fv2%2Fmedia&parent=12673"}],"curies":[{"name":"wp","href":"https:\/\/api.w.org\/{rel}","templated":true}]}}