{"id":12625,"date":"2022-05-24T12:46:23","date_gmt":"2022-05-24T08:46:23","guid":{"rendered":"http:\/\/aynagoz.az\/?page_id=12625"},"modified":"2022-07-01T16:49:25","modified_gmt":"2022-07-01T12:49:25","slug":"qlaukoma-m%c9%99rk%c9%99zi","status":"publish","type":"page","link":"https:\/\/aynagoz.az\/?page_id=12625","title":{"rendered":"Qlaukoma m\u0259rk\u0259zi"},"content":{"rendered":"<p><span style=\"color: #000000;\">Qlaukoma m\u0259rk\u0259zi Dr. R\u0259fadar X\u0259lilovun r\u0259hb\u0259rliyi alt\u0131nda f\u0259aliyy\u0259t g\u00f6st\u0259rir. M\u0259rk\u0259zimizd\u0259 Qlaukoman\u0131n erk\u0259n diaqnostikas\u0131, m\u00fcayin\u0259si, m\u00fcalic\u0259si v\u0259 profilaktikas\u0131 \u00fc\u00e7\u00fcn b\u00fct\u00fcn \u015f\u0259rait qurulmu\u015fdur. Qlaukoma m\u0259rk\u0259zimiz g\u00f6zdaxili t\u0259zyinin \u00f6l\u00e7\u00fclm\u0259si \u00fc\u00e7\u00fcn m\u00fcxt\u0259lif cihazlarla t\u0259chiz olunmu\u015fdur. G\u00f6zdaxili t\u0259zyiqi sad\u0259c\u0259 bir metod il\u0259 yoxlamaqla kifay\u0259tl\u0259nmirik v\u0259 \u015f\u00fcbh\u0259mizi dig\u0259r metodla il\u0259 yoxlad\u0131qdan sonra d\u0259qiql\u0259\u015fdirmi\u015f oluruq. Qlaukoma x\u0259st\u0259liyinin diaqnozunun qoyulmas\u0131 q\u0259d\u0259r dinamik m\u00fc\u015fahid\u0259si d\u0259 \u00f6n\u0259mlidir. \u0130st\u0259r diaqnozun qoyulmas\u0131, ist\u0259r d\u0259 dinamik m\u00fc\u015fahid\u0259 \u00fc\u00e7\u00fcn laz\u0131m olan b\u00fct\u00fcn m\u00fcasir m\u00fcayin\u0259 metodlar\u0131 m\u0259rk\u0259zimizd\u0259 m\u00f6vcuddur. G\u00f6rm\u0259 siniri ba\u015f\u0131n\u0131n OCT analizi, G\u00f6rm\u0259 sah\u0259sinin geni\u015f analizi olan Perimetriya m\u00fcayin\u0259l\u0259ri m\u0259rk\u0259zimizd\u0259 h\u0259yata ke\u00e7irilm\u0259kd\u0259dir. Qlaukoman\u0131n konservativ m\u00fcalic\u0259 metodlar\u0131 v\u0259 C\u0259rrahi m\u00fcalic\u0259 metodlar\u0131 m\u0259rk\u0259zimizd\u0259 u\u011furla apar\u0131lmaqdad\u0131r.<\/span><\/p>\n","protected":false},"excerpt":{"rendered":"<p>Qlaukoma m\u0259rk\u0259zi Dr. R\u0259fadar X\u0259lilovun r\u0259hb\u0259rliyi alt\u0131nda f\u0259aliyy\u0259t g\u00f6st\u0259rir. M\u0259rk\u0259zimizd\u0259 Qlaukoman\u0131n erk\u0259n diaqnostikas\u0131, m\u00fcayin\u0259si, m\u00fcalic\u0259si v\u0259 profilaktikas\u0131 \u00fc\u00e7\u00fcn b\u00fct\u00fcn \u015f\u0259rait qurulmu\u015fdur. Qlaukoma m\u0259rk\u0259zimiz g\u00f6zdaxili t\u0259zyinin \u00f6l\u00e7\u00fclm\u0259si \u00fc\u00e7\u00fcn m\u00fcxt\u0259lif cihazlarla t\u0259chiz olunmu\u015fdur. G\u00f6zdaxili t\u0259zyiqi sad\u0259c\u0259 bir metod il\u0259 yoxlamaqla kifay\u0259tl\u0259nmirik v\u0259 \u015f\u00fcbh\u0259mizi dig\u0259r metodla il\u0259 yoxlad\u0131qdan sonra d\u0259qiql\u0259\u015fdirmi\u015f oluruq. Qlaukoma x\u0259st\u0259liyinin diaqnozunun qoyulmas\u0131 q\u0259d\u0259r dinamik m\u00fc\u015fahid\u0259si [&hellip;]<\/p>\n","protected":false},"author":1,"featured_media":0,"parent":0,"menu_order":0,"comment_status":"closed","ping_status":"closed","template":"","meta":{"_acf_changed":false,"footnotes":""},"class_list":["post-12625","page","type-page","status-publish","hentry"],"acf":[],"_links":{"self":[{"href":"https:\/\/aynagoz.az\/index.php?rest_route=\/wp\/v2\/pages\/12625","targetHints":{"allow":["GET"]}}],"collection":[{"href":"https:\/\/aynagoz.az\/index.php?rest_route=\/wp\/v2\/pages"}],"about":[{"href":"https:\/\/aynagoz.az\/index.php?rest_route=\/wp\/v2\/types\/page"}],"author":[{"embeddable":true,"href":"https:\/\/aynagoz.az\/index.php?rest_route=\/wp\/v2\/users\/1"}],"replies":[{"embeddable":true,"href":"https:\/\/aynagoz.az\/index.php?rest_route=%2Fwp%2Fv2%2Fcomments&post=12625"}],"version-history":[{"count":3,"href":"https:\/\/aynagoz.az\/index.php?rest_route=\/wp\/v2\/pages\/12625\/revisions"}],"predecessor-version":[{"id":12945,"href":"https:\/\/aynagoz.az\/index.php?rest_route=\/wp\/v2\/pages\/12625\/revisions\/12945"}],"wp:attachment":[{"href":"https:\/\/aynagoz.az\/index.php?rest_route=%2Fwp%2Fv2%2Fmedia&parent=12625"}],"curies":[{"name":"wp","href":"https:\/\/api.w.org\/{rel}","templated":true}]}}