{"id":12623,"date":"2022-05-24T12:45:51","date_gmt":"2022-05-24T08:45:51","guid":{"rendered":"http:\/\/aynagoz.az\/?page_id=12623"},"modified":"2022-07-01T16:48:13","modified_gmt":"2022-07-01T12:48:13","slug":"z%c9%99ifgorm%c9%99nin-b%c9%99rpasi-reabilitasiyasi-m%c9%99rk%c9%99zi","status":"publish","type":"page","link":"https:\/\/aynagoz.az\/?page_id=12623","title":{"rendered":"Z\u0259ifg\u00f6rm\u0259nin b\u0259rpas\u0131 (reabilitasiyas\u0131) m\u0259rk\u0259zi"},"content":{"rendered":"<p><span style=\"color: #000000;\">Z\u0259ifg\u00f6rm\u0259nin b\u0259rpas\u0131 m\u0259rk\u0259zind\u0259 ist\u0259r refraktiv q\u00fcsurlara ba\u011fl\u0131 z\u0259ifg\u00f6rm\u0259l\u0259rd\u0259, ist\u0259rs\u0259 d\u0259 dig\u0259r patalogiyalara ba\u011fl\u0131 \u0259m\u0259l\u0259 g\u0259l\u0259n z\u0259ifg\u00f6rm\u0259l\u0259rd\u0259 pasiyentl\u0259rin g\u00f6rm\u0259 qabiliyy\u0259tinin b\u0259rpas\u0131 \u00fc\u00e7\u00fcn laz\u0131mi i\u015fl\u0259r g\u00f6r\u00fcl\u00fcr. Y\u00fcks\u0259k d\u0259r\u0259c\u0259li eyn\u0259k, kontakt linza v\u0259 teleskopik eyn\u0259kl\u0259r vasit\u0259sil\u0259 g\u00f6rm\u0259 qabiliyy\u0259tinin art\u0131r\u0131la bil\u0259c\u0259yi ara\u015fd\u0131r\u0131laraq, x\u0259st\u0259l\u0259r\u0259 d\u00fczg\u00fcn istiqam\u0259t verilir. G\u00fcn\u00fcm\u00fczd\u0259 bel\u0259 x\u0259st\u0259l\u0259rin reabilitasiyas\u0131 \u00fc\u00e7\u00fcn y\u00fcks\u0259k keyfiyy\u0259tli kameralarla t\u0259chiz olunmu\u015f eyn\u0259y\u0259b\u0259nz\u0259r vasit\u0259l\u0259rd\u0259n istifad\u0259 edilm\u0259kd\u0259dir. M\u0259rk\u0259zimizin f\u0259aliyy\u0259tinin bir istiqam\u0259ti d\u0259, bu vasit\u0259l\u0259rin x\u0259st\u0259l\u0259rimiz\u0259 uy\u011funlu\u011funu m\u00fc\u0259yy\u0259nl\u0259\u015fdirm\u0259kd\u0259 k\u00f6m\u0259k etm\u0259kdir.<\/span><\/p>\n","protected":false},"excerpt":{"rendered":"<p>Z\u0259ifg\u00f6rm\u0259nin b\u0259rpas\u0131 m\u0259rk\u0259zind\u0259 ist\u0259r refraktiv q\u00fcsurlara ba\u011fl\u0131 z\u0259ifg\u00f6rm\u0259l\u0259rd\u0259, ist\u0259rs\u0259 d\u0259 dig\u0259r patalogiyalara ba\u011fl\u0131 \u0259m\u0259l\u0259 g\u0259l\u0259n z\u0259ifg\u00f6rm\u0259l\u0259rd\u0259 pasiyentl\u0259rin g\u00f6rm\u0259 qabiliyy\u0259tinin b\u0259rpas\u0131 \u00fc\u00e7\u00fcn laz\u0131mi i\u015fl\u0259r g\u00f6r\u00fcl\u00fcr. Y\u00fcks\u0259k d\u0259r\u0259c\u0259li eyn\u0259k, kontakt linza v\u0259 teleskopik eyn\u0259kl\u0259r vasit\u0259sil\u0259 g\u00f6rm\u0259 qabiliyy\u0259tinin art\u0131r\u0131la bil\u0259c\u0259yi ara\u015fd\u0131r\u0131laraq, x\u0259st\u0259l\u0259r\u0259 d\u00fczg\u00fcn istiqam\u0259t verilir. G\u00fcn\u00fcm\u00fczd\u0259 bel\u0259 x\u0259st\u0259l\u0259rin reabilitasiyas\u0131 \u00fc\u00e7\u00fcn y\u00fcks\u0259k keyfiyy\u0259tli kameralarla t\u0259chiz olunmu\u015f eyn\u0259y\u0259b\u0259nz\u0259r vasit\u0259l\u0259rd\u0259n istifad\u0259 [&hellip;]<\/p>\n","protected":false},"author":1,"featured_media":0,"parent":0,"menu_order":0,"comment_status":"closed","ping_status":"closed","template":"","meta":{"_acf_changed":false,"footnotes":""},"class_list":["post-12623","page","type-page","status-publish","hentry"],"acf":[],"_links":{"self":[{"href":"https:\/\/aynagoz.az\/index.php?rest_route=\/wp\/v2\/pages\/12623","targetHints":{"allow":["GET"]}}],"collection":[{"href":"https:\/\/aynagoz.az\/index.php?rest_route=\/wp\/v2\/pages"}],"about":[{"href":"https:\/\/aynagoz.az\/index.php?rest_route=\/wp\/v2\/types\/page"}],"author":[{"embeddable":true,"href":"https:\/\/aynagoz.az\/index.php?rest_route=\/wp\/v2\/users\/1"}],"replies":[{"embeddable":true,"href":"https:\/\/aynagoz.az\/index.php?rest_route=%2Fwp%2Fv2%2Fcomments&post=12623"}],"version-history":[{"count":4,"href":"https:\/\/aynagoz.az\/index.php?rest_route=\/wp\/v2\/pages\/12623\/revisions"}],"predecessor-version":[{"id":12944,"href":"https:\/\/aynagoz.az\/index.php?rest_route=\/wp\/v2\/pages\/12623\/revisions\/12944"}],"wp:attachment":[{"href":"https:\/\/aynagoz.az\/index.php?rest_route=%2Fwp%2Fv2%2Fmedia&parent=12623"}],"curies":[{"name":"wp","href":"https:\/\/api.w.org\/{rel}","templated":true}]}}