{"id":12618,"date":"2022-05-24T12:44:16","date_gmt":"2022-05-24T08:44:16","guid":{"rendered":"http:\/\/aynagoz.az\/?page_id=12618"},"modified":"2022-06-16T13:34:32","modified_gmt":"2022-06-16T09:34:32","slug":"keratokonus-m%c9%99rk%c9%99zi","status":"publish","type":"page","link":"https:\/\/aynagoz.az\/?page_id=12618","title":{"rendered":"Keratokonus m\u0259rk\u0259zi"},"content":{"rendered":"<p><span style=\"color: #000000;\">Keratokonus m\u0259rk\u0259zimizd\u0259 Dr R\u0259fadar X\u0259lilovun r\u0259hb\u0259rliyi alt\u0131nda x\u0259st\u0259liyin diaqnostikas\u0131,\u0259m\u0259liyyatlar\u0131 v\u0259 pasiyentl\u0259rin reabilitasiyas\u0131 m\u00fcasir t\u0259l\u0259bl\u0259r\u0259 uy\u011fun \u015f\u0259kild\u0259 h\u0259yata ke\u00e7irilir. Keratokonus m\u0259rk\u0259zimizd\u0259 keratokonus x\u0259st\u0259liyinin erk\u0259n diaqnostikas\u0131 \u00fc\u00e7\u00fcn laz\u0131m olan b\u00fct\u00fcn m\u00fcayin\u0259 metodlar\u0131 m\u00f6vcuddur. \u00dcmumiyy\u0259tl\u0259 Ayna G\u00f6z Lazer M\u0259rk\u0259zind\u0259 m\u00fcayin\u0259 olunan b\u00fct\u00fcn x\u0259st\u0259l\u0259r\u0259 keratokonus x\u0259st\u0259liyinin skrininqi apar\u0131l\u0131r. M\u0259rk\u0259zimiz f\u0259rqli sisteml\u0259r il\u0259 \u00e7al\u0131\u015fan keratotopoqraflarla, f\u0259rqli sisteml\u0259r il\u0259 \u00e7al\u0131\u015fan paximetrl\u0259r il\u0259 t\u0259chiz olunub. Bu m\u0259rk\u0259zd\u0259 keratokonus x\u0259st\u0259liyinin diaqnozu qoyularaq g\u00f6z\u00fcn v\u0259ziyy\u0259tin\u0259 uy\u011fun x\u0259st\u0259l\u0259r\u0259 m\u00fcalic\u0259 planlamas\u0131 apar\u0131l\u0131r. Keratokonus x\u0259st\u0259liyind\u0259 Keratoplastika \u0259m\u0259liyyat\u0131ndan ba\u015fqa dig\u0259r b\u00fct\u00fcn \u0259m\u0259liyyatlar ill\u0259rdir u\u011furla h\u0259yata ke\u00e7irilir. \u0130st\u0259r Corneal Cross Linking, ist\u0259r \u0130ntrakorneal Segment (Ring) \u0130mplantasiyas\u0131, ist\u0259r d\u0259 RK v\u0259 LR\u0130 \u0259m\u0259liyyatlar\u0131 m\u0259rk\u0259zimizd\u0259 icra olunmaqdad\u0131r. \u018fm\u0259liyyatdan sonrak\u0131 periodda is\u0259 x\u0259st\u0259l\u0259rin g\u00f6rm\u0259 qabiliyy\u0259tl\u0259rinin daha keyfiyy\u0259tli olmas\u0131 \u00fc\u00e7\u00fcn is\u0259 m\u0259hz keratokonus x\u0259st\u0259l\u0259ri \u00fc\u00e7\u00fcn \u00f6z\u0259l dizayn edilmi\u015f Hibrid Linzalardan istifad\u0259 edirik. Bu linzalar vasit\u0259sil\u0259 x\u0259st\u0259l\u0259rimizin \u0259ks\u0259riyy\u0259ti 90-100% g\u00f6rm\u0259 il\u0259 t\u0259min olunur. M\u0259rk\u0259zimiz keratokonus x\u0259st\u0259l\u0259ri \u00fc\u00e7\u00fcn Az\u0259rbaycandak\u0131 texniki c\u0259h\u0259td\u0131n \u0259n \u00e7ox t\u0259chizolunmu\u015f, \u0259n geni\u015f v\u0259 uzunm\u00fcdd\u0259tli t\u0259cr\u00fcb\u0259y\u0259 malik v\u0259 \u0259n ixtisasla\u015fm\u0131\u015f m\u0259rk\u0259zdir.<\/span><\/p>\n","protected":false},"excerpt":{"rendered":"<p>Keratokonus m\u0259rk\u0259zimizd\u0259 Dr R\u0259fadar X\u0259lilovun r\u0259hb\u0259rliyi alt\u0131nda x\u0259st\u0259liyin diaqnostikas\u0131,\u0259m\u0259liyyatlar\u0131 v\u0259 pasiyentl\u0259rin reabilitasiyas\u0131 m\u00fcasir t\u0259l\u0259bl\u0259r\u0259 uy\u011fun \u015f\u0259kild\u0259 h\u0259yata ke\u00e7irilir. Keratokonus m\u0259rk\u0259zimizd\u0259 keratokonus x\u0259st\u0259liyinin erk\u0259n diaqnostikas\u0131 \u00fc\u00e7\u00fcn laz\u0131m olan b\u00fct\u00fcn m\u00fcayin\u0259 metodlar\u0131 m\u00f6vcuddur. \u00dcmumiyy\u0259tl\u0259 Ayna G\u00f6z Lazer M\u0259rk\u0259zind\u0259 m\u00fcayin\u0259 olunan b\u00fct\u00fcn x\u0259st\u0259l\u0259r\u0259 keratokonus x\u0259st\u0259liyinin skrininqi apar\u0131l\u0131r. M\u0259rk\u0259zimiz f\u0259rqli sisteml\u0259r il\u0259 \u00e7al\u0131\u015fan keratotopoqraflarla, f\u0259rqli sisteml\u0259r il\u0259 \u00e7al\u0131\u015fan paximetrl\u0259r [&hellip;]<\/p>\n","protected":false},"author":1,"featured_media":0,"parent":0,"menu_order":0,"comment_status":"closed","ping_status":"closed","template":"","meta":{"_acf_changed":false,"footnotes":""},"class_list":["post-12618","page","type-page","status-publish","hentry"],"acf":[],"_links":{"self":[{"href":"https:\/\/aynagoz.az\/index.php?rest_route=\/wp\/v2\/pages\/12618","targetHints":{"allow":["GET"]}}],"collection":[{"href":"https:\/\/aynagoz.az\/index.php?rest_route=\/wp\/v2\/pages"}],"about":[{"href":"https:\/\/aynagoz.az\/index.php?rest_route=\/wp\/v2\/types\/page"}],"author":[{"embeddable":true,"href":"https:\/\/aynagoz.az\/index.php?rest_route=\/wp\/v2\/users\/1"}],"replies":[{"embeddable":true,"href":"https:\/\/aynagoz.az\/index.php?rest_route=%2Fwp%2Fv2%2Fcomments&post=12618"}],"version-history":[{"count":2,"href":"https:\/\/aynagoz.az\/index.php?rest_route=\/wp\/v2\/pages\/12618\/revisions"}],"predecessor-version":[{"id":12850,"href":"https:\/\/aynagoz.az\/index.php?rest_route=\/wp\/v2\/pages\/12618\/revisions\/12850"}],"wp:attachment":[{"href":"https:\/\/aynagoz.az\/index.php?rest_route=%2Fwp%2Fv2%2Fmedia&parent=12618"}],"curies":[{"name":"wp","href":"https:\/\/api.w.org\/{rel}","templated":true}]}}