{"id":12616,"date":"2022-05-24T12:43:40","date_gmt":"2022-05-24T08:43:40","guid":{"rendered":"http:\/\/aynagoz.az\/?page_id=12616"},"modified":"2022-07-01T16:46:25","modified_gmt":"2022-07-01T12:46:25","slug":"kontakt-linza-m%c9%99rk%c9%99zi","status":"publish","type":"page","link":"https:\/\/aynagoz.az\/?page_id=12616","title":{"rendered":"Kontakt linza m\u0259rk\u0259zi"},"content":{"rendered":"<p><span style=\"color: #000000;\">Kontakt linza m\u0259rk\u0259zind\u0259 Dr. \u00c7inar\u0259 M\u0259cidovan\u0131n r\u0259hb\u0259rliyi alt\u0131nda geni\u015f \u00e7e\u015fidd\u0259 kontakt linzalar\u0131n se\u00e7ilm\u0259si v\u0259 t\u0259liml\u0259rin verilm\u0259si h\u0259yata ke\u00e7irilir. M\u0259rk\u0259zimizd\u0259 geni\u015f \u00e7e\u015fidd\u0259 Sad\u0259 Yum\u015faq Kontakt Linzalar, Torik Yum\u015faq Kontakt Linzalar, nahamar s\u0259thli buynuz qi\u015falarda g\u00f6rm\u0259nin korreksiyas\u0131 \u00fc\u00e7\u00fcn S\u0259rt Qazke\u00e7ir\u0259n Kontakt Linzalar (RGP), kosmetik m\u0259qs\u0259dl\u0259 istifad\u0259 olunan Protestik Kontakt Linzalar v\u0259 keratokonus x\u0259st\u0259l\u0259rind\u0259 g\u00f6rm\u0259nin korreksiyas\u0131 \u00fc\u00e7\u00fcn Hibrid Kontakt Linzalar m\u00f6vcuddur. <\/span><br \/>\n<span style=\"color: #000000;\">M\u0259hz bu m\u0259rk\u0259zimizd\u0259 pasiyentl\u0259rin ist\u0259yin\u0259 uy\u011fun olaraq kontakt linzalar\u0131n se\u00e7ilm\u0259si, istifad\u0259si il\u0259 \u0259laq\u0259li t\u0259liml\u0259rin ke\u00e7irilm\u0259si v\u0259 istifad\u0259si zaman\u0131 ortaya \u00e7\u0131xan probleml\u0259rin vaxt\u0131nda h\u0259ll edilm\u0259si h\u0259yata ke\u00e7irilir.<\/span><\/p>\n","protected":false},"excerpt":{"rendered":"<p>Kontakt linza m\u0259rk\u0259zind\u0259 Dr. \u00c7inar\u0259 M\u0259cidovan\u0131n r\u0259hb\u0259rliyi alt\u0131nda geni\u015f \u00e7e\u015fidd\u0259 kontakt linzalar\u0131n se\u00e7ilm\u0259si v\u0259 t\u0259liml\u0259rin verilm\u0259si h\u0259yata ke\u00e7irilir. M\u0259rk\u0259zimizd\u0259 geni\u015f \u00e7e\u015fidd\u0259 Sad\u0259 Yum\u015faq Kontakt Linzalar, Torik Yum\u015faq Kontakt Linzalar, nahamar s\u0259thli buynuz qi\u015falarda g\u00f6rm\u0259nin korreksiyas\u0131 \u00fc\u00e7\u00fcn S\u0259rt Qazke\u00e7ir\u0259n Kontakt Linzalar (RGP), kosmetik m\u0259qs\u0259dl\u0259 istifad\u0259 olunan Protestik Kontakt Linzalar v\u0259 keratokonus x\u0259st\u0259l\u0259rind\u0259 g\u00f6rm\u0259nin korreksiyas\u0131 \u00fc\u00e7\u00fcn Hibrid [&hellip;]<\/p>\n","protected":false},"author":1,"featured_media":0,"parent":0,"menu_order":0,"comment_status":"closed","ping_status":"closed","template":"","meta":{"_acf_changed":false,"footnotes":""},"class_list":["post-12616","page","type-page","status-publish","hentry"],"acf":[],"_links":{"self":[{"href":"https:\/\/aynagoz.az\/index.php?rest_route=\/wp\/v2\/pages\/12616","targetHints":{"allow":["GET"]}}],"collection":[{"href":"https:\/\/aynagoz.az\/index.php?rest_route=\/wp\/v2\/pages"}],"about":[{"href":"https:\/\/aynagoz.az\/index.php?rest_route=\/wp\/v2\/types\/page"}],"author":[{"embeddable":true,"href":"https:\/\/aynagoz.az\/index.php?rest_route=\/wp\/v2\/users\/1"}],"replies":[{"embeddable":true,"href":"https:\/\/aynagoz.az\/index.php?rest_route=%2Fwp%2Fv2%2Fcomments&post=12616"}],"version-history":[{"count":3,"href":"https:\/\/aynagoz.az\/index.php?rest_route=\/wp\/v2\/pages\/12616\/revisions"}],"predecessor-version":[{"id":12941,"href":"https:\/\/aynagoz.az\/index.php?rest_route=\/wp\/v2\/pages\/12616\/revisions\/12941"}],"wp:attachment":[{"href":"https:\/\/aynagoz.az\/index.php?rest_route=%2Fwp%2Fv2%2Fmedia&parent=12616"}],"curies":[{"name":"wp","href":"https:\/\/api.w.org\/{rel}","templated":true}]}}