{"id":12584,"date":"2022-05-24T10:47:54","date_gmt":"2022-05-24T06:47:54","guid":{"rendered":"http:\/\/aynagoz.az\/?page_id=12584"},"modified":"2022-07-01T16:42:18","modified_gmt":"2022-07-01T12:42:18","slug":"paximetriya","status":"publish","type":"page","link":"https:\/\/aynagoz.az\/?page_id=12584","title":{"rendered":"Paximetriya"},"content":{"rendered":"<p><span style=\"color: #000000;\">4.1. Ustrasonik paximetriya \u2013 Ultras\u0259s problar vasit\u0259sil\u0259 buynuz qi\u015fan\u0131n qal\u0131nl\u0131\u011f\u0131n\u0131n \u00f6l\u00e7\u00fclm\u0259sidir. Bu metodla ancaq buynuz qi\u015faya toxundu\u011funuz n\u00f6qt\u0259nin qal\u0131nl\u0131\u011f\u0131n\u0131 \u00f6l\u00e7m\u0259k m\u00fcmk\u00fcnd\u00fcr. Buynuz qi\u015fan\u0131n \u0259n inc\u0259 yerini t\u0259yin ed\u0259 bilm\u0259m\u0259si v\u0259 artefaklara a\u00e7\u0131q olmas\u0131 bu metodun \u00e7atmamazl\u0131\u011f\u0131d\u0131r. \u018fks\u0259r hallarda dig\u0259r metodlarda \u015f\u00fcbh\u0259li hallar olarsa n\u0259tic\u0259l\u0259rin t\u0259sdiql\u0259nm\u0259si \u00fc\u00e7\u00fcn istifad\u0259 edilir.<\/span><br \/>\n<span style=\"color: #000000;\">4.2. Optik paximetriya \u2013 X\u00fcsusi cihazlar vasit\u0259si il\u0259 g\u00f6z\u00fcn buynuz qi\u015fas\u0131n\u0131n qal\u0131nl\u0131\u011f\u0131n\u0131 \u00f6l\u00e7m\u0259k \u00fc\u00e7\u00fcn istifad\u0259 edil\u0259n t\u0259mass\u0131z bir metoddur. T\u0259mass\u0131z olmas\u0131, a\u011fr\u0131s\u0131zla\u015fd\u0131rma\u011fa ehtiyac duyulmamas\u0131 v\u0259 d\u0259qiqliyi bu metodu vacib ed\u0259n \u0259sas amill\u0259rd\u0259ndir. \u00d6l\u00e7\u00fcm\u00fc ancaq buynuz qi\u015fan\u0131n optik m\u0259rk\u0259zind\u0259n g\u00f6t\u00fcrd\u00fcy\u00fc \u00fc\u00e7\u00fcn is\u0259 buynuz qi\u015fan\u0131n \u0259n inc\u0259 yerini t\u0259yin ed\u0259 bilmir.<\/span><br \/>\n<span style=\"color: #000000;\">4.3. Keratotopoqrafik paximetriya \u2013 G\u00fcn\u00fcm\u00fczd\u0259 dem\u0259k olar ki, b\u00fct\u00fcn keratotopoqraflar buynuz qi\u015fan\u0131n qal\u0131nl\u0131\u011f\u0131n\u0131 h\u0259ssasl\u0131qla \u00f6l\u00e7\u0259 bilir. Bu m\u00fcayin\u0259 \u00fcsulunun \u00f6n\u0259mli \u00fcst\u00fcnl\u00fckl\u0259rind\u0259n biri buynuz qi\u015fan\u0131n \u0259n inc\u0259 n\u00f6qt\u0259sini t\u0259yin ed\u0259 bilm\u0259sidir. Eyni zamanda buynuz qi\u015fan\u0131n ist\u0259nil\u0259n n\u00f6qt\u0259sinin qal\u0131nl\u0131\u011f\u0131n\u0131 t\u0259k \u00f6l\u00e7\u00fcmd\u0259 t\u0259yin ed\u0259 bilir.<\/span><\/p>\n","protected":false},"excerpt":{"rendered":"<p>4.1. Ustrasonik paximetriya \u2013 Ultras\u0259s problar vasit\u0259sil\u0259 buynuz qi\u015fan\u0131n qal\u0131nl\u0131\u011f\u0131n\u0131n \u00f6l\u00e7\u00fclm\u0259sidir. Bu metodla ancaq buynuz qi\u015faya toxundu\u011funuz n\u00f6qt\u0259nin qal\u0131nl\u0131\u011f\u0131n\u0131 \u00f6l\u00e7m\u0259k m\u00fcmk\u00fcnd\u00fcr. Buynuz qi\u015fan\u0131n \u0259n inc\u0259 yerini t\u0259yin ed\u0259 bilm\u0259m\u0259si v\u0259 artefaklara a\u00e7\u0131q olmas\u0131 bu metodun \u00e7atmamazl\u0131\u011f\u0131d\u0131r. \u018fks\u0259r hallarda dig\u0259r metodlarda \u015f\u00fcbh\u0259li hallar olarsa n\u0259tic\u0259l\u0259rin t\u0259sdiql\u0259nm\u0259si \u00fc\u00e7\u00fcn istifad\u0259 edilir. 4.2. Optik paximetriya \u2013 X\u00fcsusi cihazlar vasit\u0259si [&hellip;]<\/p>\n","protected":false},"author":1,"featured_media":0,"parent":0,"menu_order":0,"comment_status":"closed","ping_status":"closed","template":"","meta":{"_acf_changed":false,"footnotes":""},"class_list":["post-12584","page","type-page","status-publish","hentry"],"acf":[],"_links":{"self":[{"href":"https:\/\/aynagoz.az\/index.php?rest_route=\/wp\/v2\/pages\/12584","targetHints":{"allow":["GET"]}}],"collection":[{"href":"https:\/\/aynagoz.az\/index.php?rest_route=\/wp\/v2\/pages"}],"about":[{"href":"https:\/\/aynagoz.az\/index.php?rest_route=\/wp\/v2\/types\/page"}],"author":[{"embeddable":true,"href":"https:\/\/aynagoz.az\/index.php?rest_route=\/wp\/v2\/users\/1"}],"replies":[{"embeddable":true,"href":"https:\/\/aynagoz.az\/index.php?rest_route=%2Fwp%2Fv2%2Fcomments&post=12584"}],"version-history":[{"count":3,"href":"https:\/\/aynagoz.az\/index.php?rest_route=\/wp\/v2\/pages\/12584\/revisions"}],"predecessor-version":[{"id":12939,"href":"https:\/\/aynagoz.az\/index.php?rest_route=\/wp\/v2\/pages\/12584\/revisions\/12939"}],"wp:attachment":[{"href":"https:\/\/aynagoz.az\/index.php?rest_route=%2Fwp%2Fv2%2Fmedia&parent=12584"}],"curies":[{"name":"wp","href":"https:\/\/api.w.org\/{rel}","templated":true}]}}