{"id":12563,"date":"2022-05-23T09:03:17","date_gmt":"2022-05-23T05:03:17","guid":{"rendered":"http:\/\/aynagoz.az\/?page_id=12563"},"modified":"2022-05-24T10:57:25","modified_gmt":"2022-05-24T06:57:25","slug":"keratometriya","status":"publish","type":"page","link":"https:\/\/aynagoz.az\/?page_id=12563","title":{"rendered":"Keratometriya"},"content":{"rendered":"<p><span style=\"color: #000000;\">2.1. Avtorefraktometrik keratometriya- buynuz qi\u015fan\u0131n \u0259n dik v\u0259 ona perpendikulyar olan \u0259n yast\u0131 oxlar\u0131n\u0131n kompyuteriz\u0259 olunmu\u015f avtomatik sisteml\u0259rl\u0259 \u00f6l\u00e7\u00fclm\u0259sidir. Bu metod buynuz qi\u015fan\u0131n \u0259yrilik radiuslar\u0131n\u0131 millimetrik v\u0259 dioptrik \u015fkalalar il\u0259 \u00f6l\u00e7\u0259 bilir. Bu m\u00fcayin\u0259 vasit\u0259si il\u0259 buhnuz qi\u015fan\u0131n s\u0131nd\u0131rma gec\u00fc haq\u00fc\u0131nda m\u0259lumat \u0259ld\u0259 ed\u0259 bilirik. <\/span><br \/>\n<span style=\"color: #000000;\">2.2 Plasido disk sistemli topoqrafik keratometriya- buynuz qi\u015fanln s\u0259thin\u0259 \u0259ks olunan i\u015f\u0131ql\u0131 dair\u0259vi diskl\u0259rin aras\u0131ndak\u0131 m\u0259saf\u0259 f\u0259rql\u0259rin\u0259 g\u00f6r\u0259 \u00f6l\u00e7\u00fcl\u0259n keratometrik d\u0259y\u0259rl\u0259rdir. Buynuz qi\u015fan\u0131n \u00f6n s\u0259thinin \u0259yrilik radiusu haqq\u0131da \u0259n d\u0259qiq m\u0259lumat\u0131 ver\u0259n m\u00fcayin\u0259 metodudur. <\/span><br \/>\n<span style=\"color: #000000;\">2.3. Scheimpflug sistemli topoqrafik keratometriya-bugnuz qi\u015faya nazik i\u015f\u0131q seli \u015f\u0259klind\u0259 g\u00f6nd\u0259ril\u0259n \u015f\u00fcalar\u0131n buynuz qi\u015fadan ke\u00e7\u0259rk\u0259n \u00e7\u0259kil\u0259n \u00e7oxsayl\u0131 fotok\u0259sikl\u0259rin alqoritmik analizi n\u0259tic\u0259sind\u0259 buynuz qi\u015fan\u0131n \u00f6n v\u0259 arxa s\u0259thinin keratometrik d\u0259y\u0259rl\u0259ri \u0259ld\u0259 edilir. Bu m\u00fcayin\u0259 buynuz qi\u015fan\u0131n arxa s\u0259thinin keraometrik d\u0259y\u0259rl\u0259rini \u00f6l\u00e7m\u0259yin \u0259n d\u0259qiq metodudur. <\/span><br \/>\n<span style=\"color: #000000;\">2.4. Yataq x\u0259st\u0259sinin keratometriyas\u0131- ki\u00e7ik ya\u015fl\u0131 u\u015faqlar, dik v\u0259ziyy\u0259td\u0259 dura bilm\u0259y\u0259n x\u0259st\u0259l\u0259r v\u0259 anesteziya alt\u0131ndak\u0131 x\u0259st\u0259l\u0259rin kerstometrik d\u0259r\u0259c\u0259l\u0259rinin \u00f6l\u00e7\u00fclm\u0259si \u00fc\u00e7\u00fcn \u0259v\u0259zolunmaz metoddur. M\u0259rk\u0259zimizd\u0259 bu m\u00fcayin\u0259ni tam m\u00fcst\u0259qil HAND HELD KERATOMETER v\u0259 Biometriya cihaz\u0131na inteqrasiya edilmi\u015f KERATOMETER vasit\u0259si il\u0259 apar\u0131r\u0131q.<\/span><\/p>\n","protected":false},"excerpt":{"rendered":"<p>2.1. Avtorefraktometrik keratometriya- buynuz qi\u015fan\u0131n \u0259n dik v\u0259 ona perpendikulyar olan \u0259n yast\u0131 oxlar\u0131n\u0131n kompyuteriz\u0259 olunmu\u015f avtomatik sisteml\u0259rl\u0259 \u00f6l\u00e7\u00fclm\u0259sidir. Bu metod buynuz qi\u015fan\u0131n \u0259yrilik radiuslar\u0131n\u0131 millimetrik v\u0259 dioptrik \u015fkalalar il\u0259 \u00f6l\u00e7\u0259 bilir. Bu m\u00fcayin\u0259 vasit\u0259si il\u0259 buhnuz qi\u015fan\u0131n s\u0131nd\u0131rma gec\u00fc haq\u00fc\u0131nda m\u0259lumat \u0259ld\u0259 ed\u0259 bilirik. 2.2 Plasido disk sistemli topoqrafik keratometriya- buynuz qi\u015fanln s\u0259thin\u0259 \u0259ks [&hellip;]<\/p>\n","protected":false},"author":1,"featured_media":0,"parent":0,"menu_order":0,"comment_status":"closed","ping_status":"closed","template":"","meta":{"_acf_changed":false,"footnotes":""},"class_list":["post-12563","page","type-page","status-publish","hentry"],"acf":[],"_links":{"self":[{"href":"https:\/\/aynagoz.az\/index.php?rest_route=\/wp\/v2\/pages\/12563","targetHints":{"allow":["GET"]}}],"collection":[{"href":"https:\/\/aynagoz.az\/index.php?rest_route=\/wp\/v2\/pages"}],"about":[{"href":"https:\/\/aynagoz.az\/index.php?rest_route=\/wp\/v2\/types\/page"}],"author":[{"embeddable":true,"href":"https:\/\/aynagoz.az\/index.php?rest_route=\/wp\/v2\/users\/1"}],"replies":[{"embeddable":true,"href":"https:\/\/aynagoz.az\/index.php?rest_route=%2Fwp%2Fv2%2Fcomments&post=12563"}],"version-history":[{"count":3,"href":"https:\/\/aynagoz.az\/index.php?rest_route=\/wp\/v2\/pages\/12563\/revisions"}],"predecessor-version":[{"id":12601,"href":"https:\/\/aynagoz.az\/index.php?rest_route=\/wp\/v2\/pages\/12563\/revisions\/12601"}],"wp:attachment":[{"href":"https:\/\/aynagoz.az\/index.php?rest_route=%2Fwp%2Fv2%2Fmedia&parent=12563"}],"curies":[{"name":"wp","href":"https:\/\/api.w.org\/{rel}","templated":true}]}}