{"id":12561,"date":"2022-05-23T09:00:15","date_gmt":"2022-05-23T05:00:15","guid":{"rendered":"http:\/\/aynagoz.az\/?page_id=12561"},"modified":"2022-06-28T15:16:07","modified_gmt":"2022-06-28T11:16:07","slug":"refraktometriya","status":"publish","type":"page","link":"https:\/\/aynagoz.az\/?page_id=12561","title":{"rendered":"Refraktometriya"},"content":{"rendered":"<p><span style=\"color: #000000;\">1.1. Avtorefraktokeratometriya &#8211; G\u00f6z\u00fcn refraktiv d\u0259r\u0259c\u0259sini, y\u0259ni uzaqdan g\u00f6rm\u0259nin, yax\u0131ndan g\u00f6rm\u0259nin v\u0259 da\u011f\u0131n\u0131q g\u00f6rm\u0259nin (astiqmatizmin) d\u0259r\u0259c\u0259sini t\u0259yin etm\u0259k \u00fc\u00e7\u00fcn istifad\u0259 olunur. M\u00fcasir cihazlar\u0131n \u0259ks\u0259riyy\u0259tind\u0259 g\u00f6z\u00fcn d\u0259r\u0259c\u0259sini t\u0259yin etm\u0259kl\u0259 b\u0259rab\u0259r, buynuz qi\u015fan\u0131n \u0259n dik v\u0259 \u0259n yast\u0131 oxlar\u0131n\u0131 t\u0259yin ed\u0259n (keratometr) sistemd\u0259 inteqrasiya edilmi\u015fdir. Bu m\u0259qs\u0259dl\u0259 avtomatla\u015fd\u0131r\u0131lm\u0131\u015f cihazlardan istifad\u0259 edilir ki, h\u0259min cihazlar avtorefraktokeratometr adlan\u0131r.<\/span><\/p>\n<p><span style=\"color: #000000;\">1.2. Pediatrik refraktometriya &#8211; Avtorefraktokeratometrl\u0259rd\u0259 pasiyentl\u0259r m\u00fcayin\u0259 \u00fc\u00e7\u00fcn \u00e7\u0259n\u0259l\u0259rini \u00e7\u0259n\u0259liy\u0259 qoyub al\u0131nlar\u0131n\u0131 al\u0131nl\u0131\u011fa dir\u0259m\u0259lidirl\u0259r v\u0259 bir ne\u00e7\u0259 saniy\u0259 \u0259rzind\u0259 t\u0259rp\u0259nm\u0259m\u0259lidirl\u0259r. Ki\u00e7ik ya\u015fl\u0131 u\u015faqlar sakit dura bilm\u0259dikl\u0259ri \u00fc\u00e7\u00fcn bu m\u00fcayin\u0259ni onlarda aparmaq olmur. Bel\u0259 hallarda m\u0259saf\u0259d\u0259n (1 metr) g\u00f6rm\u0259 d\u0259r\u0259c\u0259sini \u00f6l\u00e7\u0259n cihazlar (Hand Held Refractometer) istifad\u0259 olunur. Bu metodla ya\u015f\u0131 6 aydan yuxar\u0131 olan u\u015faqlar\u0131n g\u00f6z d\u0259r\u0259c\u0259sini t\u0259yin etm\u0259k olur. Bu cihazlar\u0131n informativliyi avtorefraktometr cihazlar\u0131na nisb\u0259t\u0259n azd\u0131r.<\/span><\/p>\n<p><span style=\"color: #000000;\">1.3. Skiaskopiya &#8211; Retinoskop\/skiaskop v\u0259 skiaskopik x\u0259tke\u015f vasit\u0259si il\u0259 g\u00f6z d\u0259r\u0259c\u0259sinin t\u0259yinidir. 0-6 ay ya\u015flar\u0131nda olan u\u015faqlarda g\u00f6z d\u0259r\u0259c\u0259sinin t\u0259yini v\u0259 \u201cHand Held Refractometer\u201dl\u0259rl\u0259 \u0259ld\u0259 edil\u0259n m\u0259lumatlar\u0131n t\u0259sdiql\u0259nm\u0259si \u00fc\u00e7\u00fcn istifad\u0259 olunur.<\/span><\/p>\n","protected":false},"excerpt":{"rendered":"<p>1.1. Avtorefraktokeratometriya &#8211; G\u00f6z\u00fcn refraktiv d\u0259r\u0259c\u0259sini, y\u0259ni uzaqdan g\u00f6rm\u0259nin, yax\u0131ndan g\u00f6rm\u0259nin v\u0259 da\u011f\u0131n\u0131q g\u00f6rm\u0259nin (astiqmatizmin) d\u0259r\u0259c\u0259sini t\u0259yin etm\u0259k \u00fc\u00e7\u00fcn istifad\u0259 olunur. M\u00fcasir cihazlar\u0131n \u0259ks\u0259riyy\u0259tind\u0259 g\u00f6z\u00fcn d\u0259r\u0259c\u0259sini t\u0259yin etm\u0259kl\u0259 b\u0259rab\u0259r, buynuz qi\u015fan\u0131n \u0259n dik v\u0259 \u0259n yast\u0131 oxlar\u0131n\u0131 t\u0259yin ed\u0259n (keratometr) sistemd\u0259 inteqrasiya edilmi\u015fdir. Bu m\u0259qs\u0259dl\u0259 avtomatla\u015fd\u0131r\u0131lm\u0131\u015f cihazlardan istifad\u0259 edilir ki, h\u0259min cihazlar avtorefraktokeratometr adlan\u0131r. 1.2. [&hellip;]<\/p>\n","protected":false},"author":1,"featured_media":0,"parent":0,"menu_order":0,"comment_status":"closed","ping_status":"closed","template":"","meta":{"_acf_changed":false,"footnotes":""},"class_list":["post-12561","page","type-page","status-publish","hentry"],"acf":[],"_links":{"self":[{"href":"https:\/\/aynagoz.az\/index.php?rest_route=\/wp\/v2\/pages\/12561","targetHints":{"allow":["GET"]}}],"collection":[{"href":"https:\/\/aynagoz.az\/index.php?rest_route=\/wp\/v2\/pages"}],"about":[{"href":"https:\/\/aynagoz.az\/index.php?rest_route=\/wp\/v2\/types\/page"}],"author":[{"embeddable":true,"href":"https:\/\/aynagoz.az\/index.php?rest_route=\/wp\/v2\/users\/1"}],"replies":[{"embeddable":true,"href":"https:\/\/aynagoz.az\/index.php?rest_route=%2Fwp%2Fv2%2Fcomments&post=12561"}],"version-history":[{"count":4,"href":"https:\/\/aynagoz.az\/index.php?rest_route=\/wp\/v2\/pages\/12561\/revisions"}],"predecessor-version":[{"id":12929,"href":"https:\/\/aynagoz.az\/index.php?rest_route=\/wp\/v2\/pages\/12561\/revisions\/12929"}],"wp:attachment":[{"href":"https:\/\/aynagoz.az\/index.php?rest_route=%2Fwp%2Fv2%2Fmedia&parent=12561"}],"curies":[{"name":"wp","href":"https:\/\/api.w.org\/{rel}","templated":true}]}}