{"id":12467,"date":"2022-05-16T14:51:49","date_gmt":"2022-05-16T10:51:49","guid":{"rendered":"http:\/\/aynagoz.az\/?page_id=12467"},"modified":"2022-06-02T15:21:09","modified_gmt":"2022-06-02T11:21:09","slug":"melumatlar-aynagoz","status":"publish","type":"page","link":"https:\/\/aynagoz.az\/?page_id=12467","title":{"rendered":"M\u0259lumatlar"},"content":{"rendered":"<p>[vc_row disable_element=&#8221;yes&#8221;][vc_column css=&#8221;.vc_custom_1556623685888{margin-top: 50px !important;}&#8221;][\/vc_column][\/vc_row][vc_row content_placement=&#8221;bottom&#8221; disable_element=&#8221;yes&#8221; css=&#8221;.vc_custom_1652698302542{padding-top: 0px !important;}&#8221;][vc_column width=&#8221;1\/2&#8243;][vc_tta_accordion style=&#8221;outline&#8221; c_position=&#8221;right&#8221; active_section=&#8221;1&#8243;][vc_tta_section title=&#8221;1. How to create Beautiful Healthy Smiles?&#8221; tab_id=&#8221;1553685744479-a2b95def-8e4a&#8221;][vc_column_text]We have a long and proud history givin emphasis to environment social and economic outcomes to deliver places that respond.Lorem ipsum dolor sit amet[\/vc_column_text][\/vc_tta_section][vc_tta_section title=&#8221;2. How can I get my kids to brush their teeth?&#8221; tab_id=&#8221;1553685744497-03cbf784-15b2&#8243;][vc_column_text]We have a long and proud history givin emphasis to environment social and economic outcomes to deliver places that respond.Lorem ipsum dolor sit amet[\/vc_column_text][\/vc_tta_section][vc_tta_section title=&#8221;3. What are cavity-fighting sealants?&#8221; tab_id=&#8221;1553686283411-c2228d38-c4a0&#8243;][vc_column_text]We have a long and proud history givin emphasis to environment social and economic outcomes to deliver places that respond.Lorem ipsum dolor sit amet[\/vc_column_text][\/vc_tta_section][\/vc_tta_accordion][\/vc_column][vc_column width=&#8221;1\/2&#8243;][vc_tta_accordion style=&#8221;outline&#8221; c_position=&#8221;right&#8221; active_section=&#8221;1&#8243;][vc_tta_section title=&#8221;4. What should I do if I require premedication?&#8221; tab_id=&#8221;1556616449074-ebe68d5a-c6e8&#8243;][vc_column_text]We have a long and proud history givin emphasis to environment social and economic outcomes to deliver places that respond.Lorem ipsum dolor sit amet[\/vc_column_text][\/vc_tta_section][vc_tta_section title=&#8221;5. How long will the results of teeth whitening last?&#8221; tab_id=&#8221;1556616449093-654048bf-5314&#8243;][vc_column_text]We have a long and proud history givin emphasis to environment social and economic outcomes to deliver places that respond.Lorem ipsum dolor sit amet[\/vc_column_text][\/vc_tta_section][vc_tta_section title=&#8221;6. Can I go to any dentist?&#8221; tab_id=&#8221;1556616449107-40c32a47-a862&#8243;][vc_column_text]We have a long and proud history givin emphasis to environment social and economic outcomes to deliver places that respond.Lorem ipsum dolor sit amet[\/vc_column_text][\/vc_tta_section][\/vc_tta_accordion][\/vc_column][\/vc_row][vc_row thsn-bg-color=&#8221;white&#8221; css=&#8221;.vc_custom_1548307151412{padding-bottom: 30px !important;}&#8221;][vc_column][vc_row_inner][vc_column_inner][\/vc_column_inner][\/vc_row_inner][vc_tta_accordion shape=&#8221;square&#8221; color=&#8221;white&#8221; spacing=&#8221;30&#8243; c_position=&#8221;right&#8221; active_section=&#8221;1&#8243; el_class=&#8221;thsn-faq&#8221;][vc_tta_section title=&#8221;Randevu alark\u0259n&#8221; tab_id=&#8221;1540103971652-c593d570-a304&#8243;][vc_column_text]<span style=\"color: #000000;\">M\u0259rk\u0259zimiz\u0259 h\u0259kim m\u00fcayin\u0259sin\u0259 g\u0259lm\u0259d\u0259n \u00f6nc\u0259 randevu alma\u011f\u0131n\u0131z\u0131 t\u00f6vsiy\u0259 edirik. T\u0259cili v\u0259 gecikm\u0259si t\u0259hl\u00fck\u0259li olan hallar \u00fc\u00e7\u00fcn Canl\u0131 N\u00f6vb\u0259 s\u0131ram\u0131z olsa da, m\u00fcayin\u0259 vaxt\u0131 \u00f6nc\u0259liyi \u0259vv\u0259lc\u0259d\u0259n randevu alan pasiyentl\u0259r\u0259, daha sonra son iki h\u0259ft\u0259d\u0259 \u0259m\u0259liyyat olmu\u015flara veririk. Bu iki qrup pasiyentl\u0259rin m\u00fcayin\u0259si aras\u0131nda vaxt olarsa Canl\u0131 N\u00f6vb\u0259d\u0259n s\u0131ra il\u0259 pasiyentl\u0259r q\u0259bul olunur. Bel\u0259 hallarda g\u0259l\u0259n pasiyent say\u0131ndan as\u0131l\u0131 olaraq b\u0259z\u0259n m\u00fcayin\u0259 \u00fc\u00e7\u00fcn saatlarla g\u00f6zl\u0259m\u0259k laz\u0131m olur. M\u0259hz g\u00f6zl\u0259m\u0259 m\u0259s\u0259l\u0259si olmas\u0131n dey\u0259 \u00f6nc\u0259d\u0259n randevu alma\u011f\u0131n\u0131z\u0131 xahi\u015f edirik. Randevu g\u00f6zl\u0259m\u0259 vaxt\u0131 yen\u0259 d\u0259 standart olmay\u0131b, 15 g\u00fcn il\u0259 3 ay aras\u0131 \u00e7\u0259k\u0259 bilir. Kontrollara g\u0259l\u0259c\u0259k olan x\u0259st\u0259l\u0259rd\u0259n m\u00fcayin\u0259y\u0259 g\u0259lm\u0259mi\u015fd\u0259n t\u0259xmin\u0259n 2 ay \u00f6nc\u0259 z\u0259ng vurub randevu almalar\u0131n\u0131 v\u0259 ya klinikadan \u00e7\u0131xmadan n\u00f6vb\u0259ti m\u00fcayin\u0259 tarixini qeydiyyatdak\u0131 \u0259m\u0259kda\u015flar il\u0259 t\u0259yin etm\u0259l\u0259rini m\u0259sl\u0259h\u0259t g\u00f6r\u00fcr\u00fck. Randevu almaq \u00fc\u00e7\u00fcn sosial mediadak\u0131 v\u0259 ya web sayt\u0131m\u0131zdak\u0131 \u0259laq\u0259 n\u00f6mr\u0259l\u0259rin\u0259 z\u0259ng etm\u0259yiniz yet\u0259rlidir. \u018fvv\u0259lc\u0259d\u0259n randevu alan pasiyentl\u0259rimiz\u0259 randevu g\u00fcn\u00fcnd\u0259n 1-2 g\u00fcn \u0259vv\u0259l m\u00fcayin\u0259 vaxt\u0131 \u0259m\u0259kda\u015flar\u0131m\u0131z t\u0259r\u0259find\u0259n z\u0259ng edil\u0259r\u0259k xat\u0131rlad\u0131l\u0131r. Bu s\u0259b\u0259bd\u0259n q\u0259bula yaz\u0131lark\u0259n ver\u0259c\u0259yiniz telefon n\u00f6mr\u0259sinin h\u0259mi\u015f\u0259 a\u00e7\u0131q v\u0259 \u00e7al\u0131\u015f\u0131r v\u0259ziyy\u0259td\u0259 oldu\u011fundan \u0259min olun.<\/span>[\/vc_column_text][\/vc_tta_section][vc_tta_section title=&#8221;M\u0259rk\u0259zimiz\u0259 g\u0259l\u0259rk\u0259n&#8221; tab_id=&#8221;1540104176688-52302450-76c8&#8243;][vc_column_text]<span style=\"color: #000000;\">M\u00fcayin\u0259 tarixi g\u0259ldiyind\u0259 m\u00fcayin\u0259 saat\u0131ndan \u00f6nc\u0259 m\u0259rk\u0259zimizd\u0259 olma\u011fa \u00e7al\u0131\u015f\u0131n. Pik saatlarda yubana bil\u0259c\u0259yinizi n\u0259z\u0259r\u0259 alaraq oldu\u011funuz yerd\u0259n erk\u0259n \u00e7\u0131xma\u011fa \u00e7al\u0131\u015f\u0131n. G\u00fcnorta saatlar\u0131nda klinikan\u0131n \u0259traf\u0131nda parkinq \u00fc\u00e7\u00fcn yer tapmaq m\u00fc\u015fk\u00fcl oldu\u011fundan ictimai n\u0259qliyyat v\u0259 ya taksi xidm\u0259tind\u0259n istifad\u0259 etm\u0259yinizi t\u00f6vsiy\u0259 edirik. M\u00fcayin\u0259 edil\u0259c\u0259k \u015f\u0259xsin \u00f6z\u00fc h\u0259m d\u0259 avtomobilini idar\u0259 etm\u0259yi planla\u015fd\u0131r\u0131rsa, m\u00fcayin\u0259 vaxt\u0131 b\u0259b\u0259k geni\u015fl\u0259ndiril\u0259c\u0259yi \u00fc\u00e7\u00fcn avtomobil idar\u0259 etm\u0259yi \u00e7\u0259tin olacaq. Ona g\u00f6r\u0259 d\u0259 bel\u0259 \u015f\u0259xsl\u0259rin ya avtomobilsiz g\u0259lm\u0259l\u0259rini, ya da ba\u015fqa bir s\u00fcr\u00fcc\u00fc tapmalar\u0131n\u0131 (ay\u0131q s\u00fcr\u00fcc\u00fc xid\u0259ti kimi) t\u00f6vsiy\u0259 edirik. Klinikam\u0131z\u0131n yan\u0131nda klinikaya m\u0259xsus parkinq yeri olmas\u0131na baxmayaraq ad\u0259t\u0259n saat 10:00-15:00 aras\u0131 dolu olur. Bel\u0259 hallarda yax\u0131nl\u0131qda olan \u0130mperial \u015eadl\u0131q Evinin arxa h\u0259y\u0259tind\u0259ki geni\u015f parkinqd\u0259n d\u0259 istifad\u0259 ed\u0259 bil\u0259rsiniz. M\u00fcayin\u0259y\u0259 g\u0259l\u0259rk\u0259n \u00f6z\u00fcn\u00fczl\u0259 \u015f\u0259xsiyy\u0259t v\u0259siq\u0259nizi, daha \u00f6nc\u0259 m\u0259rk\u0259zimizd\u0259 m\u00fcayin\u0259d\u0259 olmusunuzsa siz\u0259 veril\u0259n \u00fcz\u0259rin\u0259 kod yaz\u0131lan m\u00fcayin\u0259 kart\u0131n\u0131, istifad\u0259 etdiyiniz d\u0259rmanlar varsa onlar\u0131 v\u0259 ya reseptl\u0259rini, \u0259linizd\u0259 daha \u00f6nc\u0259ki m\u00fcayin\u0259l\u0259r\u0259 aid h\u0259r hans\u0131 s\u0259n\u0259dl\u0259r varsa onlar\u0131, istifad\u0259 etdiyiniz eyn\u0259kl\u0259r v\u0259 ya kontakt linzalar varsa onlar\u0131, m\u00fcayin\u0259 vaxt\u0131 b\u0259b\u0259yiniz gen\u0259ldil\u0259c\u0259yin\u0259 g\u00f6r\u0259 \u00e7\u00f6ld\u0259 nisb\u0259t\u0259n rahat g\u00f6rm\u0259 \u00fc\u00e7\u00fcn g\u00fcn\u0259\u015f eyn\u0259yinizi g\u0259tirm\u0259yinizi t\u00f6vsiy\u0259 edirik. Kirpik dibi v\u0259 g\u00f6z\u0259traf\u0131 kosmetikadan istifad\u0259 ed\u0259n pasiyentl\u0259rimizd\u0259n xahi\u015f edirik ki, m\u00fcayin\u0259y\u0259 g\u0259l\u0259rk\u0259n bel\u0259 kosmetik vasit\u0259l\u0259rd\u0259n istifad\u0259 etm\u0259sinl\u0259r.<\/span>[\/vc_column_text][\/vc_tta_section][vc_tta_section title=&#8221;M\u00fcayin\u0259 haqq\u0131nda&#8221; tab_id=&#8221;1540180176993-ccb265ec-bf0c&#8221;][vc_column_text]<span style=\"color: #000000;\">M\u00fcayin\u0259y\u0259 g\u0259l\u0259nd\u0259 ilk \u00f6nc\u0259 Qeydiyyat stoluna yax\u0131nla\u015f\u0131n. Qeydiyyatdak\u0131 \u0259m\u0259kda\u015flar\u0131m\u0131z sizin ist\u0259kl\u0259rinizi \u00f6yr\u0259nib sizin \u00fc\u00e7\u00fcn \u0259n uy\u011fun istiqam\u0259ti bildir\u0259c\u0259kl\u0259r.<\/span><\/p>\n<p><span style=\"color: #000000;\">\u015e\u0259xsiyy\u0259t v\u0259siq\u0259si v\u0259 daha \u0259vv\u0259l m\u0259rk\u0259zimizd\u0259 m\u00fcayin\u0259d\u0259 olmusunuzsa f\u0259rdi kodunuz olan m\u00fcayin\u0259 kart\u0131n\u0131z\u0131 Qeydiyyatdak\u0131 \u0259m\u0259kda\u015flar\u0131m\u0131za t\u0259qdim ed\u0259c\u0259ksiniz. Yeni kart a\u00e7\u0131ld\u0131qdan sonra v\u0259 ya \u0259vv\u0259lki kart\u0131n\u0131z arxivd\u0259n \u00e7\u0131xar\u0131ld\u0131qdan sonra m\u00fcayin\u0259niz ba\u015flayacaqd\u0131r. Siz g\u00f6zl\u0259m\u0259 salonunda uy\u011fun yerd\u0259 \u0259yl\u0259\u015fib sizi ad\u0131n\u0131zla \u00e7a\u011fr\u0131lma\u011f\u0131n\u0131z\u0131 g\u00f6zl\u0259y\u0259c\u0259ksiniz. \u00dcmumiyy\u0259tl\u0259 standart m\u00fcayin\u0259 orta hesabla 80 d\u0259qiq\u0259 \u00e7\u0259kir. B\u0259z\u0259n pasiyentin probleml\u0259rind\u0259n as\u0131l\u0131 olaraq bu m\u00fcdd\u0259t 30 d\u0259qiq\u0259 art\u0131b-azala bilir. \u0130lk d\u0259f\u0259 m\u00fcayin\u0259y\u0259 g\u0259l\u0259n Randevulu pasiyentl\u0259rin g\u00fcn \u0259rzind\u0259 dig\u0259r i\u015fl\u0259rind\u0259 problem \u00e7\u0131xmamas\u0131 \u00fc\u00e7\u00fcn m\u00fcayin\u0259d\u0259 ke\u00e7ir\u0259c\u0259yi vaxt\u0131 iki saat olaraq planlamalar\u0131n\u0131 t\u00f6vsiyy\u0259 ed\u0259rdik. M\u00fcayin\u0259 vaxt\u0131 \u0259m\u0259kda\u015fkar\u0131m\u0131za n\u0259 q\u0259d\u0259r \u00e7ox, d\u0259qiq v\u0259 dol\u011fun m\u0259lumat vers\u0259niz m\u00fcayin\u0259niz o q\u0259d\u0259r h\u0259d\u0259fy\u00f6nl\u00fc, vaxt itirm\u0259d\u0259n v\u0259 sizin narahat\u00e7\u0131l\u0131\u011f\u0131n\u0131z istiqam\u0259tind\u0259 daha d\u0259rinl\u0259\u015fmi\u015f olacaq. B\u0259z\u0259n pasiyentl\u0259r soru\u015facaqlar\u0131 m\u00f6vzular\u0131 unudurlar, bel\u0259 olmas\u0131n dey\u0259 suallar\u0131n\u0131z\u0131 \u0259vv\u0259lc\u0259d\u0259n bir yer\u0259 qeyd etm\u0259yinizi t\u00f6vsiy\u0259 edirik.<\/span><br \/>\n<span style=\"color: #000000;\">Pasiyentl\u0259rimizin bir qismi xo\u015flamasa da g\u00f6z b\u0259b\u0259kl\u0259rinin b\u00f6y\u00fcd\u00fclm\u0259si m\u00fcayin\u0259nin \u0259sas komponentl\u0259rind\u0259n oldu\u011fu \u00fc\u00e7\u00fcn bu m\u00fcayin\u0259ni etm\u0259k m\u0259cburuyy\u0259tind\u0259yik. B\u0259b\u0259kl\u0259r b\u00f6y\u00fcd\u00fcld\u00fckd\u0259n sonra h\u0259m yax\u0131ndan h\u0259m d\u0259 uzaqdan g\u00f6rm\u0259 pozulur, i\u015f\u0131qda \u00e7ox qama\u015fma olur. B\u0259b\u0259yin t\u0259krar \u00f6z axar\u0131 il\u0259 d\u00fcz\u0259lm\u0259si orta hesabla 4-6 saat \u00e7\u0259kir. Vacib i\u015fl\u0259ri olan pasiyentl\u0259r ist\u0259dikl\u0259ri t\u0259qdird\u0259 b\u0259b\u0259yi daraltmaq \u00fc\u00e7\u00fcn d\u0259rman t\u00f6k\u0259 bilirik. Bu d\u0259rmanlar b\u0259b\u0259yin y\u0131\u011f\u0131lma vaxt\u0131n\u0131 1.5 saata sal\u0131r. Bu m\u0259lumat iki hal \u00fc\u00e7\u00fcn vacibdir: \u0259n erk\u0259n yax\u0131n i\u015fin\u0259 n\u0259 vaxt ba\u015flaya bil\u0259c\u0259yinizi planlamaq v\u0259 m\u00fcayin\u0259d\u0259n sonra m\u0259rk\u0259zimizd\u0259n ayr\u0131lark\u0259n g\u00fcn\u0259\u015f eyn\u0259yin\u0259 ehtiyac\u0131n\u0131z\u0131n olaca\u011f\u0131n\u0131 bil\u0259r\u0259k haz\u0131rl\u0131ql\u0131 g\u0259lm\u0259k. <\/span><br \/>\n<span style=\"color: #000000;\">Kontakt linzadan istifad\u0259 ed\u0259n pasiyentl\u0259r m\u00fcayin\u0259y\u0259 g\u0259l\u0259rk\u0259n linzalar\u0131n\u0131 geyinm\u0259sinl\u0259r, amma \u00f6zl\u0259ri il\u0259 g\u0259tirsinl\u0259r. G\u00f6zdaxili t\u0259zyiqin azald\u0131lmas\u0131 \u00fc\u00e7\u00fcn damc\u0131 istifad\u0259 ed\u0259n pasiyentl\u0259r d\u0259rmanlar\u0131n\u0131 h\u0259mi\u015f\u0259ki qaydada istifad\u0259 ed\u0259r\u0259k g\u0259lsinl\u0259r. <\/span><br \/>\n<span style=\"color: #000000;\">\u015e\u0259hid yax\u0131nlar\u0131, veteranlar v\u0259 hamil\u0259l\u0259r v\u0259ziyy\u0259tl\u0259ri bar\u0259sind\u0259 Qeydiyyatdak\u0131 \u0259m\u0259kda\u015flar\u0131m\u0131za m\u0259lumat verm\u0259l\u0259rini rica edirik.<\/span>[\/vc_column_text][\/vc_tta_section][\/vc_tta_accordion][\/vc_column][\/vc_row]<\/p>\n","protected":false},"excerpt":{"rendered":"<p>[vc_row disable_element=&#8221;yes&#8221;][vc_column css=&#8221;.vc_custom_1556623685888{margin-top: 50px !important;}&#8221;][\/vc_column][\/vc_row][vc_row content_placement=&#8221;bottom&#8221; disable_element=&#8221;yes&#8221; css=&#8221;.vc_custom_1652698302542{padding-top: 0px !important;}&#8221;][vc_column width=&#8221;1\/2&#8243;][vc_tta_accordion style=&#8221;outline&#8221; c_position=&#8221;right&#8221; active_section=&#8221;1&#8243;][vc_tta_section title=&#8221;1. How to create Beautiful Healthy Smiles?&#8221; tab_id=&#8221;1553685744479-a2b95def-8e4a&#8221;][vc_column_text]We have a long and proud history givin emphasis to environment social and economic outcomes to deliver places that respond.Lorem ipsum dolor sit amet[\/vc_column_text][\/vc_tta_section][vc_tta_section title=&#8221;2. How can I get my kids to brush their [&hellip;]<\/p>\n","protected":false},"author":1,"featured_media":0,"parent":0,"menu_order":0,"comment_status":"closed","ping_status":"closed","template":"","meta":{"_acf_changed":false,"footnotes":""},"class_list":["post-12467","page","type-page","status-publish","hentry"],"acf":[],"_links":{"self":[{"href":"https:\/\/aynagoz.az\/index.php?rest_route=\/wp\/v2\/pages\/12467","targetHints":{"allow":["GET"]}}],"collection":[{"href":"https:\/\/aynagoz.az\/index.php?rest_route=\/wp\/v2\/pages"}],"about":[{"href":"https:\/\/aynagoz.az\/index.php?rest_route=\/wp\/v2\/types\/page"}],"author":[{"embeddable":true,"href":"https:\/\/aynagoz.az\/index.php?rest_route=\/wp\/v2\/users\/1"}],"replies":[{"embeddable":true,"href":"https:\/\/aynagoz.az\/index.php?rest_route=%2Fwp%2Fv2%2Fcomments&post=12467"}],"version-history":[{"count":12,"href":"https:\/\/aynagoz.az\/index.php?rest_route=\/wp\/v2\/pages\/12467\/revisions"}],"predecessor-version":[{"id":12727,"href":"https:\/\/aynagoz.az\/index.php?rest_route=\/wp\/v2\/pages\/12467\/revisions\/12727"}],"wp:attachment":[{"href":"https:\/\/aynagoz.az\/index.php?rest_route=%2Fwp%2Fv2%2Fmedia&parent=12467"}],"curies":[{"name":"wp","href":"https:\/\/api.w.org\/{rel}","templated":true}]}}